{"id":24,"date":"2022-05-04T20:29:40","date_gmt":"2022-05-04T20:29:40","guid":{"rendered":"https:\/\/banff.ee\/?page_id=24"},"modified":"2025-09-17T22:34:26","modified_gmt":"2025-09-17T19:34:26","slug":"anytime-utah","status":"publish","type":"page","link":"https:\/\/banff.ee\/ee\/films\/anytime-utah\/","title":{"rendered":"IGAL AJAL - UTAH"},"content":{"rendered":"<div data-elementor-type=\"wp-page\" data-elementor-id=\"24\" class=\"elementor elementor-24\" data-elementor-post-type=\"page\">\n\t\t\t\t\t\t<section class=\"elementor-section elementor-top-section elementor-element elementor-element-557248c5 elementor-section-boxed elementor-section-height-default elementor-section-height-default\" data-id=\"557248c5\" data-element_type=\"section\" data-e-type=\"section\">\n\t\t\t\t\t\t\t<div class=\"elementor-background-overlay\"><\/div>\n\t\t\t\t\t\t\t<div class=\"elementor-container elementor-column-gap-default\">\n\t\t\t\t\t<div class=\"elementor-column elementor-col-50 elementor-top-column elementor-element elementor-element-36a4a1cb\" data-id=\"36a4a1cb\" data-element_type=\"column\" data-e-type=\"column\">\n\t\t\t<div class=\"elementor-widget-wrap elementor-element-populated\">\n\t\t\t\t\t\t<div class=\"elementor-element elementor-element-263c4c39 elementor-widget elementor-widget-text-editor\" data-id=\"263c4c39\" data-element_type=\"widget\" data-e-type=\"widget\" data-widget_type=\"text-editor.default\">\n\t\t\t\t<div class=\"elementor-widget-container\">\n\t\t\t\t\t\t\t\t\t<p>8 MIN | KANADA | 2023<\/p>\t\t\t\t\t\t\t\t<\/div>\n\t\t\t\t<\/div>\n\t\t\t\t<div class=\"elementor-element elementor-element-1832060f elementor-widget elementor-widget-heading\" data-id=\"1832060f\" data-element_type=\"widget\" data-e-type=\"widget\" data-widget_type=\"heading.default\">\n\t\t\t\t<div class=\"elementor-widget-container\">\n\t\t\t\t\t<h2 class=\"elementor-heading-title elementor-size-default\">IGAL AJAL - UTAH<\/h2>\t\t\t\t<\/div>\n\t\t\t\t<\/div>\n\t\t\t\t<div class=\"elementor-element elementor-element-1536e703 elementor-widget elementor-widget-text-editor\" data-id=\"1536e703\" data-element_type=\"widget\" data-e-type=\"widget\" data-widget_type=\"text-editor.default\">\n\t\t\t\t<div class=\"elementor-widget-container\">\n\t\t\t\t\t\t\t\t\t<p><strong>RE\u017d: DARCY WITTENBURG, COLIN JONES, DARREN MCCULLOUGH<\/strong><\/p>\t\t\t\t\t\t\t\t<\/div>\n\t\t\t\t<\/div>\n\t\t\t\t<div class=\"elementor-element elementor-element-23c1a7a9 elementor-widget elementor-widget-text-editor\" data-id=\"23c1a7a9\" data-element_type=\"widget\" data-e-type=\"widget\" data-widget_type=\"text-editor.default\">\n\t\t\t\t<div class=\"elementor-widget-container\">\n\t\t\t\t\t\t\t\t\t<p>USAs asuva Utahi osariigi karmis ja kuival k\u00f5rbemaastikul s\u00fcnnib naiste freeride m\u00e4girattas\u00f5idu uus ajastu. Neli erakordset naist avastavad enneolematuid radasid ja nihutavad nii enda kui ka inimv\u00f5imete piire.<\/p>\t\t\t\t\t\t\t\t<\/div>\n\t\t\t\t<\/div>\n\t\t\t\t<div class=\"elementor-element elementor-element-5af4887b elementor-widget elementor-widget-button\" data-id=\"5af4887b\" data-element_type=\"widget\" data-e-type=\"widget\" data-widget_type=\"button.default\">\n\t\t\t\t<div class=\"elementor-widget-container\">\n\t\t\t\t\t\t\t\t\t<div class=\"elementor-button-wrapper\">\n\t\t\t\t\t<a class=\"elementor-button elementor-button-link elementor-size-sm\" href=\"https:\/\/fienta.com\/et\/o\/mtukappar\">\n\t\t\t\t\t\t<span class=\"elementor-button-content-wrapper\">\n\t\t\t\t\t\t\t\t\t<span class=\"elementor-button-text\">Piletid \u2192<\/span>\n\t\t\t\t\t<\/span>\n\t\t\t\t\t<\/a>\n\t\t\t\t<\/div>\n\t\t\t\t\t\t\t\t<\/div>\n\t\t\t\t<\/div>\n\t\t\t\t\t<\/div>\n\t\t<\/div>\n\t\t\t\t<div class=\"elementor-column elementor-col-50 elementor-top-column elementor-element elementor-element-464c00a0\" data-id=\"464c00a0\" data-element_type=\"column\" data-e-type=\"column\">\n\t\t\t<div class=\"elementor-widget-wrap\">\n\t\t\t\t\t\t\t<\/div>\n\t\t<\/div>\n\t\t\t\t\t<\/div>\n\t\t<\/section>\n\t\t\t\t<section class=\"elementor-section elementor-top-section elementor-element elementor-element-25e25f86 elementor-hidden-mobile elementor-section-boxed elementor-section-height-default elementor-section-height-default\" data-id=\"25e25f86\" data-element_type=\"section\" data-e-type=\"section\">\n\t\t\t\t\t\t<div class=\"elementor-container elementor-column-gap-default\">\n\t\t\t\t\t<div class=\"elementor-column elementor-col-50 elementor-top-column elementor-element elementor-element-126d2d54\" data-id=\"126d2d54\" data-element_type=\"column\" data-e-type=\"column\">\n\t\t\t<div class=\"elementor-widget-wrap elementor-element-populated\">\n\t\t\t\t\t\t<div class=\"elementor-element elementor-element-9c03951 elementor-align-left elementor-widget__width-initial elementor-absolute elementor-widget elementor-widget-button\" data-id=\"9c03951\" data-element_type=\"widget\" data-e-type=\"widget\" data-settings=\"{&quot;_position&quot;:&quot;absolute&quot;}\" data-widget_type=\"button.default\">\n\t\t\t\t<div class=\"elementor-widget-container\">\n\t\t\t\t\t\t\t\t\t<div class=\"elementor-button-wrapper\">\n\t\t\t\t\t<a class=\"elementor-button elementor-button-link elementor-size-sm\" href=\"https:\/\/banff.ee\/ee\/films\/ice-waterfalls\/\">\n\t\t\t\t\t\t<span class=\"elementor-button-content-wrapper\">\n\t\t\t\t\t\t\t\t\t<span class=\"elementor-button-text\">\u2190 J\u00c4\u00c4JUGADE OTSINGUIL<\/span>\n\t\t\t\t\t<\/span>\n\t\t\t\t\t<\/a>\n\t\t\t\t<\/div>\n\t\t\t\t\t\t\t\t<\/div>\n\t\t\t\t<\/div>\n\t\t\t\t\t<\/div>\n\t\t<\/div>\n\t\t\t\t<div class=\"elementor-column elementor-col-50 elementor-top-column elementor-element elementor-element-1264c9e1\" data-id=\"1264c9e1\" data-element_type=\"column\" data-e-type=\"column\">\n\t\t\t<div class=\"elementor-widget-wrap elementor-element-populated\">\n\t\t\t\t\t\t<div class=\"elementor-element elementor-element-7c110351 elementor-align-right elementor-widget__width-initial elementor-absolute elementor-widget elementor-widget-button\" data-id=\"7c110351\" data-element_type=\"widget\" data-e-type=\"widget\" data-settings=\"{&quot;_position&quot;:&quot;absolute&quot;}\" data-widget_type=\"button.default\">\n\t\t\t\t<div class=\"elementor-widget-container\">\n\t\t\t\t\t\t\t\t\t<div class=\"elementor-button-wrapper\">\n\t\t\t\t\t<a class=\"elementor-button elementor-button-link elementor-size-sm\" href=\"https:\/\/banff.ee\/ee\/films\/footprints-on-katmai\/\">\n\t\t\t\t\t\t<span class=\"elementor-button-content-wrapper\">\n\t\t\t\t\t\t\t\t\t<span class=\"elementor-button-text\">J\u00c4LJED KATMAIL \u2192<\/span>\n\t\t\t\t\t<\/span>\n\t\t\t\t\t<\/a>\n\t\t\t\t<\/div>\n\t\t\t\t\t\t\t\t<\/div>\n\t\t\t\t<\/div>\n\t\t\t\t\t<\/div>\n\t\t<\/div>\n\t\t\t\t\t<\/div>\n\t\t<\/section>\n\t\t\t\t<section class=\"elementor-section elementor-top-section elementor-element elementor-element-12c0c2ac elementor-hidden-desktop elementor-hidden-tablet elementor-section-boxed elementor-section-height-default elementor-section-height-default\" data-id=\"12c0c2ac\" data-element_type=\"section\" data-e-type=\"section\">\n\t\t\t\t\t\t<div class=\"elementor-container elementor-column-gap-default\">\n\t\t\t\t\t<div class=\"elementor-column elementor-col-50 elementor-top-column elementor-element elementor-element-3375077d\" data-id=\"3375077d\" data-element_type=\"column\" data-e-type=\"column\">\n\t\t\t<div class=\"elementor-widget-wrap elementor-element-populated\">\n\t\t\t\t\t\t<div class=\"elementor-element elementor-element-10650b81 elementor-align-right elementor-widget__width-initial elementor-mobile-align-left elementor-widget elementor-widget-button\" data-id=\"10650b81\" data-element_type=\"widget\" data-e-type=\"widget\" data-widget_type=\"button.default\">\n\t\t\t\t<div class=\"elementor-widget-container\">\n\t\t\t\t\t\t\t\t\t<div class=\"elementor-button-wrapper\">\n\t\t\t\t\t<a class=\"elementor-button elementor-button-link elementor-size-xs elementor-animation-shrink\" href=\"https:\/\/banff.ee\/ee\/films\/ice-waterfalls\/\">\n\t\t\t\t\t\t<span class=\"elementor-button-content-wrapper\">\n\t\t\t\t\t\t\t\t\t<span class=\"elementor-button-text\">\u2190<\/span>\n\t\t\t\t\t<\/span>\n\t\t\t\t\t<\/a>\n\t\t\t\t<\/div>\n\t\t\t\t\t\t\t\t<\/div>\n\t\t\t\t<\/div>\n\t\t\t\t\t<\/div>\n\t\t<\/div>\n\t\t\t\t<div class=\"elementor-column elementor-col-50 elementor-top-column elementor-element elementor-element-361a066e\" data-id=\"361a066e\" data-element_type=\"column\" data-e-type=\"column\">\n\t\t\t<div class=\"elementor-widget-wrap elementor-element-populated\">\n\t\t\t\t\t\t<div class=\"elementor-element elementor-element-7378ac3e elementor-align-right elementor-widget__width-initial elementor-mobile-align-right elementor-widget elementor-widget-button\" data-id=\"7378ac3e\" data-element_type=\"widget\" data-e-type=\"widget\" data-widget_type=\"button.default\">\n\t\t\t\t<div class=\"elementor-widget-container\">\n\t\t\t\t\t\t\t\t\t<div class=\"elementor-button-wrapper\">\n\t\t\t\t\t<a class=\"elementor-button elementor-button-link elementor-size-xs elementor-animation-shrink\" href=\"https:\/\/banff.ee\/ee\/films\/footprints-on-katmai\/\">\n\t\t\t\t\t\t<span class=\"elementor-button-content-wrapper\">\n\t\t\t\t\t\t\t\t\t<span class=\"elementor-button-text\">\u2192<\/span>\n\t\t\t\t\t<\/span>\n\t\t\t\t\t<\/a>\n\t\t\t\t<\/div>\n\t\t\t\t\t\t\t\t<\/div>\n\t\t\t\t<\/div>\n\t\t\t\t\t<\/div>\n\t\t<\/div>\n\t\t\t\t\t<\/div>\n\t\t<\/section>\n\t\t\t\t<\/div>","protected":false},"excerpt":{"rendered":"<p>8 MIN | CANADA | 2023 ANYTIME &#8211; UTAH DIR: DARCY WITTENBURG, COLIN JONES, DARREN MCCULLOUGH In the rugged, arid landscapes of Utah, a new chapter in women\u2019s freeride mountain biking is being written. Four trailblazing riders carve bold new lines, pushing the limits of human ability and redefining what female athletes can achieve on [&hellip;]<\/p>\n","protected":false},"author":1,"featured_media":0,"parent":16,"menu_order":0,"comment_status":"closed","ping_status":"closed","template":"","meta":{"footnotes":""},"class_list":["post-24","page","type-page","status-publish","hentry"],"yoast_head":"<!-- This site is optimized with the Yoast SEO plugin v27.4 - https:\/\/yoast.com\/product\/yoast-seo-wordpress\/ -->\n<title>Anytime - Utah - BANFF Estonia<\/title>\n<meta name=\"description\" content=\"In the rugged, arid landscapes of Utah, a new chapter in women\u2019s freeride mountain biking is beingwritten. Four trailblazing riders carve bold new lines, pushing the limits of human ability and redefiningwhat female athletes can achieve on two wheels.\" \/>\n<meta name=\"robots\" content=\"index, follow, max-snippet:-1, max-image-preview:large, max-video-preview:-1\" \/>\n<link rel=\"canonical\" href=\"https:\/\/banff.ee\/ee\/films\/anytime-utah\/\" \/>\n<meta property=\"og:locale\" content=\"et_EE\" \/>\n<meta property=\"og:type\" content=\"article\" \/>\n<meta property=\"og:title\" content=\"Anytime - Utah - BANFF Estonia\" \/>\n<meta property=\"og:description\" content=\"In the rugged, arid landscapes of Utah, a new chapter in women\u2019s freeride mountain biking is beingwritten. Four trailblazing riders carve bold new lines, pushing the limits of human ability and redefiningwhat female athletes can achieve on two wheels.\" \/>\n<meta property=\"og:url\" content=\"https:\/\/banff.ee\/ee\/films\/anytime-utah\/\" \/>\n<meta property=\"og:site_name\" content=\"BANFF Estonia\" \/>\n<meta property=\"article:modified_time\" content=\"2025-09-17T19:34:26+00:00\" \/>\n<meta name=\"twitter:card\" content=\"summary_large_image\" \/>\n<meta name=\"twitter:label1\" content=\"Est. reading time\" \/>\n\t<meta name=\"twitter:data1\" content=\"1 minut\" \/>\n<script type=\"application\/ld+json\" class=\"yoast-schema-graph\">{\"@context\":\"https:\\\/\\\/schema.org\",\"@graph\":[{\"@type\":\"WebPage\",\"@id\":\"https:\\\/\\\/banff.ee\\\/films\\\/anytime-utah\\\/\",\"url\":\"https:\\\/\\\/banff.ee\\\/films\\\/anytime-utah\\\/\",\"name\":\"Anytime - Utah - BANFF Estonia\",\"isPartOf\":{\"@id\":\"https:\\\/\\\/banff.ee\\\/#website\"},\"datePublished\":\"2022-05-04T20:29:40+00:00\",\"dateModified\":\"2025-09-17T19:34:26+00:00\",\"description\":\"In the rugged, arid landscapes of Utah, a new chapter in women\u2019s freeride mountain biking is beingwritten. Four trailblazing riders carve bold new lines, pushing the limits of human ability and redefiningwhat female athletes can achieve on two wheels.\",\"breadcrumb\":{\"@id\":\"https:\\\/\\\/banff.ee\\\/films\\\/anytime-utah\\\/#breadcrumb\"},\"inLanguage\":\"et\",\"potentialAction\":[{\"@type\":\"ReadAction\",\"target\":[\"https:\\\/\\\/banff.ee\\\/films\\\/anytime-utah\\\/\"]}]},{\"@type\":\"BreadcrumbList\",\"@id\":\"https:\\\/\\\/banff.ee\\\/films\\\/anytime-utah\\\/#breadcrumb\",\"itemListElement\":[{\"@type\":\"ListItem\",\"position\":1,\"name\":\"Home\",\"item\":\"https:\\\/\\\/banff.ee\\\/\"},{\"@type\":\"ListItem\",\"position\":2,\"name\":\"Films\",\"item\":\"https:\\\/\\\/banff.ee\\\/films\\\/\"},{\"@type\":\"ListItem\",\"position\":3,\"name\":\"Anytime &#8211; Utah\"}]},{\"@type\":\"WebSite\",\"@id\":\"https:\\\/\\\/banff.ee\\\/#website\",\"url\":\"https:\\\/\\\/banff.ee\\\/\",\"name\":\"BANFF Estonia\",\"description\":\"\",\"publisher\":{\"@id\":\"https:\\\/\\\/banff.ee\\\/#organization\"},\"potentialAction\":[{\"@type\":\"SearchAction\",\"target\":{\"@type\":\"EntryPoint\",\"urlTemplate\":\"https:\\\/\\\/banff.ee\\\/?s={search_term_string}\"},\"query-input\":{\"@type\":\"PropertyValueSpecification\",\"valueRequired\":true,\"valueName\":\"search_term_string\"}}],\"inLanguage\":\"et\"},{\"@type\":\"Organization\",\"@id\":\"https:\\\/\\\/banff.ee\\\/#organization\",\"name\":\"BANFF Estonia\",\"url\":\"https:\\\/\\\/banff.ee\\\/\",\"logo\":{\"@type\":\"ImageObject\",\"inLanguage\":\"et\",\"@id\":\"https:\\\/\\\/banff.ee\\\/#\\\/schema\\\/logo\\\/image\\\/\",\"url\":\"https:\\\/\\\/banff.ee\\\/wp-content\\\/uploads\\\/2022\\\/05\\\/banff-logo-header.png\",\"contentUrl\":\"https:\\\/\\\/banff.ee\\\/wp-content\\\/uploads\\\/2022\\\/05\\\/banff-logo-header.png\",\"width\":500,\"height\":264,\"caption\":\"BANFF Estonia\"},\"image\":{\"@id\":\"https:\\\/\\\/banff.ee\\\/#\\\/schema\\\/logo\\\/image\\\/\"}}]}<\/script>\n<!-- \/ Yoast SEO plugin. -->","yoast_head_json":{"title":"Anytime - Utah - BANFF Estonia","description":"In the rugged, arid landscapes of Utah, a new chapter in women\u2019s freeride mountain biking is beingwritten. Four trailblazing riders carve bold new lines, pushing the limits of human ability and redefiningwhat female athletes can achieve on two wheels.","robots":{"index":"index","follow":"follow","max-snippet":"max-snippet:-1","max-image-preview":"max-image-preview:large","max-video-preview":"max-video-preview:-1"},"canonical":"https:\/\/banff.ee\/ee\/films\/anytime-utah\/","og_locale":"et_EE","og_type":"article","og_title":"Anytime - Utah - BANFF Estonia","og_description":"In the rugged, arid landscapes of Utah, a new chapter in women\u2019s freeride mountain biking is beingwritten. Four trailblazing riders carve bold new lines, pushing the limits of human ability and redefiningwhat female athletes can achieve on two wheels.","og_url":"https:\/\/banff.ee\/ee\/films\/anytime-utah\/","og_site_name":"BANFF Estonia","article_modified_time":"2025-09-17T19:34:26+00:00","twitter_card":"summary_large_image","twitter_misc":{"Est. reading time":"1 minut"},"schema":{"@context":"https:\/\/schema.org","@graph":[{"@type":"WebPage","@id":"https:\/\/banff.ee\/films\/anytime-utah\/","url":"https:\/\/banff.ee\/films\/anytime-utah\/","name":"Anytime - Utah - BANFF Estonia","isPartOf":{"@id":"https:\/\/banff.ee\/#website"},"datePublished":"2022-05-04T20:29:40+00:00","dateModified":"2025-09-17T19:34:26+00:00","description":"In the rugged, arid landscapes of Utah, a new chapter in women\u2019s freeride mountain biking is beingwritten. Four trailblazing riders carve bold new lines, pushing the limits of human ability and redefiningwhat female athletes can achieve on two wheels.","breadcrumb":{"@id":"https:\/\/banff.ee\/films\/anytime-utah\/#breadcrumb"},"inLanguage":"et","potentialAction":[{"@type":"ReadAction","target":["https:\/\/banff.ee\/films\/anytime-utah\/"]}]},{"@type":"BreadcrumbList","@id":"https:\/\/banff.ee\/films\/anytime-utah\/#breadcrumb","itemListElement":[{"@type":"ListItem","position":1,"name":"Home","item":"https:\/\/banff.ee\/"},{"@type":"ListItem","position":2,"name":"Films","item":"https:\/\/banff.ee\/films\/"},{"@type":"ListItem","position":3,"name":"Anytime &#8211; Utah"}]},{"@type":"WebSite","@id":"https:\/\/banff.ee\/#website","url":"https:\/\/banff.ee\/","name":"BANFF Estonia","description":"","publisher":{"@id":"https:\/\/banff.ee\/#organization"},"potentialAction":[{"@type":"SearchAction","target":{"@type":"EntryPoint","urlTemplate":"https:\/\/banff.ee\/?s={search_term_string}"},"query-input":{"@type":"PropertyValueSpecification","valueRequired":true,"valueName":"search_term_string"}}],"inLanguage":"et"},{"@type":"Organization","@id":"https:\/\/banff.ee\/#organization","name":"BANFF Estonia","url":"https:\/\/banff.ee\/","logo":{"@type":"ImageObject","inLanguage":"et","@id":"https:\/\/banff.ee\/#\/schema\/logo\/image\/","url":"https:\/\/banff.ee\/wp-content\/uploads\/2022\/05\/banff-logo-header.png","contentUrl":"https:\/\/banff.ee\/wp-content\/uploads\/2022\/05\/banff-logo-header.png","width":500,"height":264,"caption":"BANFF Estonia"},"image":{"@id":"https:\/\/banff.ee\/#\/schema\/logo\/image\/"}}]}},"_links":{"self":[{"href":"https:\/\/banff.ee\/ee\/wp-json\/wp\/v2\/pages\/24","targetHints":{"allow":["GET"]}}],"collection":[{"href":"https:\/\/banff.ee\/ee\/wp-json\/wp\/v2\/pages"}],"about":[{"href":"https:\/\/banff.ee\/ee\/wp-json\/wp\/v2\/types\/page"}],"author":[{"embeddable":true,"href":"https:\/\/banff.ee\/ee\/wp-json\/wp\/v2\/users\/1"}],"replies":[{"embeddable":true,"href":"https:\/\/banff.ee\/ee\/wp-json\/wp\/v2\/comments?post=24"}],"version-history":[{"count":5,"href":"https:\/\/banff.ee\/ee\/wp-json\/wp\/v2\/pages\/24\/revisions"}],"predecessor-version":[{"id":6435,"href":"https:\/\/banff.ee\/ee\/wp-json\/wp\/v2\/pages\/24\/revisions\/6435"}],"up":[{"embeddable":true,"href":"https:\/\/banff.ee\/ee\/wp-json\/wp\/v2\/pages\/16"}],"wp:attachment":[{"href":"https:\/\/banff.ee\/ee\/wp-json\/wp\/v2\/media?parent=24"}],"curies":[{"name":"wp","href":"https:\/\/api.w.org\/{rel}","templated":true}]}}