{"id":29,"date":"2022-05-04T20:35:52","date_gmt":"2022-05-04T20:35:52","guid":{"rendered":"https:\/\/banff.ee\/?page_id=29"},"modified":"2025-09-17T22:35:08","modified_gmt":"2025-09-17T19:35:08","slug":"of-a-lifetime","status":"publish","type":"page","link":"https:\/\/banff.ee\/ee\/films\/of-a-lifetime\/","title":{"rendered":"Elu v\u00f5imalus"},"content":{"rendered":"<div data-elementor-type=\"wp-page\" data-elementor-id=\"29\" class=\"elementor elementor-29\" data-elementor-post-type=\"page\">\n\t\t\t\t\t\t<section class=\"elementor-section elementor-top-section elementor-element elementor-element-58f5386 elementor-section-boxed elementor-section-height-default elementor-section-height-default\" data-id=\"58f5386\" data-element_type=\"section\" data-e-type=\"section\">\n\t\t\t\t\t\t\t<div class=\"elementor-background-overlay\"><\/div>\n\t\t\t\t\t\t\t<div class=\"elementor-container elementor-column-gap-default\">\n\t\t\t\t\t<div class=\"elementor-column elementor-col-50 elementor-top-column elementor-element elementor-element-42beb2e0\" data-id=\"42beb2e0\" data-element_type=\"column\" data-e-type=\"column\">\n\t\t\t<div class=\"elementor-widget-wrap elementor-element-populated\">\n\t\t\t\t\t\t<div class=\"elementor-element elementor-element-33ff3275 elementor-widget elementor-widget-text-editor\" data-id=\"33ff3275\" data-element_type=\"widget\" data-e-type=\"widget\" data-widget_type=\"text-editor.default\">\n\t\t\t\t<div class=\"elementor-widget-container\">\n\t\t\t\t\t\t\t\t\t<p>44 MIN | \u0160VEITS | 2024<\/p>\t\t\t\t\t\t\t\t<\/div>\n\t\t\t\t<\/div>\n\t\t\t\t<div class=\"elementor-element elementor-element-4d0e8a43 elementor-widget elementor-widget-heading\" data-id=\"4d0e8a43\" data-element_type=\"widget\" data-e-type=\"widget\" data-widget_type=\"heading.default\">\n\t\t\t\t<div class=\"elementor-widget-container\">\n\t\t\t\t\t<h2 class=\"elementor-heading-title elementor-size-default\">ELU V\u00d5IMALUS<\/h2>\t\t\t\t<\/div>\n\t\t\t\t<\/div>\n\t\t\t\t<div class=\"elementor-element elementor-element-41704aff elementor-widget elementor-widget-text-editor\" data-id=\"41704aff\" data-element_type=\"widget\" data-e-type=\"widget\" data-widget_type=\"text-editor.default\">\n\t\t\t\t<div class=\"elementor-widget-container\">\n\t\t\t\t\t\t\t\t\t<p><strong>RE\u017d: J\u00c9R\u00d4ME TANON<\/strong><\/p>\t\t\t\t\t\t\t\t<\/div>\n\t\t\t\t<\/div>\n\t\t\t\t<div class=\"elementor-element elementor-element-65b29e37 elementor-widget elementor-widget-text-editor\" data-id=\"65b29e37\" data-element_type=\"widget\" data-e-type=\"widget\" data-widget_type=\"text-editor.default\">\n\t\t\t\t<div class=\"elementor-widget-container\">\n\t\t\t\t\t\t\t\t\t<p>Maailmakuulus De Le Rue suusaperekond asub oma elu seiklusele \u2013 ekspeditsioonile Antarktikasse. Enne hiiglaslike m\u00e4gede vallutamist tuleb \u00fcletada kurikuulus Drake\u2019i v\u00e4in purjepaadiga. See on teekond, kus kohtuvad suusakultuur, p\u00f5lvkondade side ja avastamisjanu.<\/p>\t\t\t\t\t\t\t\t<\/div>\n\t\t\t\t<\/div>\n\t\t\t\t<div class=\"elementor-element elementor-element-1afac290 elementor-widget elementor-widget-button\" data-id=\"1afac290\" data-element_type=\"widget\" data-e-type=\"widget\" data-widget_type=\"button.default\">\n\t\t\t\t<div class=\"elementor-widget-container\">\n\t\t\t\t\t\t\t\t\t<div class=\"elementor-button-wrapper\">\n\t\t\t\t\t<a class=\"elementor-button elementor-button-link elementor-size-sm\" href=\"https:\/\/fienta.com\/et\/o\/mtukappar\">\n\t\t\t\t\t\t<span class=\"elementor-button-content-wrapper\">\n\t\t\t\t\t\t\t\t\t<span class=\"elementor-button-text\">Piletid \u2192<\/span>\n\t\t\t\t\t<\/span>\n\t\t\t\t\t<\/a>\n\t\t\t\t<\/div>\n\t\t\t\t\t\t\t\t<\/div>\n\t\t\t\t<\/div>\n\t\t\t\t\t<\/div>\n\t\t<\/div>\n\t\t\t\t<div class=\"elementor-column elementor-col-50 elementor-top-column elementor-element elementor-element-504dff60\" data-id=\"504dff60\" data-element_type=\"column\" data-e-type=\"column\">\n\t\t\t<div class=\"elementor-widget-wrap\">\n\t\t\t\t\t\t\t<\/div>\n\t\t<\/div>\n\t\t\t\t\t<\/div>\n\t\t<\/section>\n\t\t\t\t<section class=\"elementor-section elementor-top-section elementor-element elementor-element-65aa58a7 elementor-hidden-mobile elementor-section-boxed elementor-section-height-default elementor-section-height-default\" data-id=\"65aa58a7\" data-element_type=\"section\" data-e-type=\"section\">\n\t\t\t\t\t\t<div class=\"elementor-container elementor-column-gap-default\">\n\t\t\t\t\t<div class=\"elementor-column elementor-col-50 elementor-top-column elementor-element elementor-element-48f8778f\" data-id=\"48f8778f\" data-element_type=\"column\" data-e-type=\"column\">\n\t\t\t<div class=\"elementor-widget-wrap elementor-element-populated\">\n\t\t\t\t\t\t<div class=\"elementor-element elementor-element-54e452fc elementor-align-left elementor-widget__width-initial elementor-absolute elementor-widget elementor-widget-button\" data-id=\"54e452fc\" data-element_type=\"widget\" data-e-type=\"widget\" data-settings=\"{&quot;_position&quot;:&quot;absolute&quot;}\" data-widget_type=\"button.default\">\n\t\t\t\t<div class=\"elementor-widget-container\">\n\t\t\t\t\t\t\t\t\t<div class=\"elementor-button-wrapper\">\n\t\t\t\t\t<a class=\"elementor-button elementor-button-link elementor-size-sm\" href=\"https:\/\/banff.ee\/ee\/films\/footprints-on-katmai\/\">\n\t\t\t\t\t\t<span class=\"elementor-button-content-wrapper\">\n\t\t\t\t\t\t\t\t\t<span class=\"elementor-button-text\">\u2190 J\u00c4LJED KATMAIL<\/span>\n\t\t\t\t\t<\/span>\n\t\t\t\t\t<\/a>\n\t\t\t\t<\/div>\n\t\t\t\t\t\t\t\t<\/div>\n\t\t\t\t<\/div>\n\t\t\t\t\t<\/div>\n\t\t<\/div>\n\t\t\t\t<div class=\"elementor-column elementor-col-50 elementor-top-column elementor-element elementor-element-1ca79799\" data-id=\"1ca79799\" data-element_type=\"column\" data-e-type=\"column\">\n\t\t\t<div class=\"elementor-widget-wrap elementor-element-populated\">\n\t\t\t\t\t\t<div class=\"elementor-element elementor-element-5d3954d0 elementor-align-right elementor-widget__width-initial elementor-absolute elementor-widget elementor-widget-button\" data-id=\"5d3954d0\" data-element_type=\"widget\" data-e-type=\"widget\" data-settings=\"{&quot;_position&quot;:&quot;absolute&quot;}\" data-widget_type=\"button.default\">\n\t\t\t\t<div class=\"elementor-widget-container\">\n\t\t\t\t\t\t\t\t\t<div class=\"elementor-button-wrapper\">\n\t\t\t\t\t<a class=\"elementor-button elementor-button-link elementor-size-sm\" href=\"https:\/\/banff.ee\/ee\/films\/the-streif\/\">\n\t\t\t\t\t\t<span class=\"elementor-button-content-wrapper\">\n\t\t\t\t\t\t\t\t\t<span class=\"elementor-button-text\">STREIFI RADA \u2192<\/span>\n\t\t\t\t\t<\/span>\n\t\t\t\t\t<\/a>\n\t\t\t\t<\/div>\n\t\t\t\t\t\t\t\t<\/div>\n\t\t\t\t<\/div>\n\t\t\t\t\t<\/div>\n\t\t<\/div>\n\t\t\t\t\t<\/div>\n\t\t<\/section>\n\t\t\t\t<section class=\"elementor-section elementor-top-section elementor-element elementor-element-3d0f0d9a elementor-hidden-desktop elementor-hidden-tablet elementor-section-boxed elementor-section-height-default elementor-section-height-default\" data-id=\"3d0f0d9a\" data-element_type=\"section\" data-e-type=\"section\">\n\t\t\t\t\t\t<div class=\"elementor-container elementor-column-gap-default\">\n\t\t\t\t\t<div class=\"elementor-column elementor-col-50 elementor-top-column elementor-element elementor-element-6ec8e12f\" data-id=\"6ec8e12f\" data-element_type=\"column\" data-e-type=\"column\">\n\t\t\t<div class=\"elementor-widget-wrap elementor-element-populated\">\n\t\t\t\t\t\t<div class=\"elementor-element elementor-element-2731686 elementor-align-right elementor-widget__width-initial elementor-mobile-align-left elementor-widget elementor-widget-button\" data-id=\"2731686\" data-element_type=\"widget\" data-e-type=\"widget\" data-widget_type=\"button.default\">\n\t\t\t\t<div class=\"elementor-widget-container\">\n\t\t\t\t\t\t\t\t\t<div class=\"elementor-button-wrapper\">\n\t\t\t\t\t<a class=\"elementor-button elementor-button-link elementor-size-xs elementor-animation-shrink\" href=\"https:\/\/banff.ee\/ee\/films\/footprints-on-katmai\/\">\n\t\t\t\t\t\t<span class=\"elementor-button-content-wrapper\">\n\t\t\t\t\t\t\t\t\t<span class=\"elementor-button-text\">\u2190<\/span>\n\t\t\t\t\t<\/span>\n\t\t\t\t\t<\/a>\n\t\t\t\t<\/div>\n\t\t\t\t\t\t\t\t<\/div>\n\t\t\t\t<\/div>\n\t\t\t\t\t<\/div>\n\t\t<\/div>\n\t\t\t\t<div class=\"elementor-column elementor-col-50 elementor-top-column elementor-element elementor-element-7d58acde\" data-id=\"7d58acde\" data-element_type=\"column\" data-e-type=\"column\">\n\t\t\t<div class=\"elementor-widget-wrap elementor-element-populated\">\n\t\t\t\t\t\t<div class=\"elementor-element elementor-element-19a848d9 elementor-align-right elementor-widget__width-initial elementor-mobile-align-right elementor-widget elementor-widget-button\" data-id=\"19a848d9\" data-element_type=\"widget\" data-e-type=\"widget\" data-widget_type=\"button.default\">\n\t\t\t\t<div class=\"elementor-widget-container\">\n\t\t\t\t\t\t\t\t\t<div class=\"elementor-button-wrapper\">\n\t\t\t\t\t<a class=\"elementor-button elementor-button-link elementor-size-xs elementor-animation-shrink\" href=\"https:\/\/banff.ee\/ee\/films\/the-streif\/\">\n\t\t\t\t\t\t<span class=\"elementor-button-content-wrapper\">\n\t\t\t\t\t\t\t\t\t<span class=\"elementor-button-text\">\u2192<\/span>\n\t\t\t\t\t<\/span>\n\t\t\t\t\t<\/a>\n\t\t\t\t<\/div>\n\t\t\t\t\t\t\t\t<\/div>\n\t\t\t\t<\/div>\n\t\t\t\t\t<\/div>\n\t\t<\/div>\n\t\t\t\t\t<\/div>\n\t\t<\/section>\n\t\t\t\t<\/div>","protected":false},"excerpt":{"rendered":"<p>44 MIN | SWITZERLAND | 2024 OF A LIFETIME DIR: J\u00c9R\u00d4ME TANON The world-renowned De Le Rue family of skiers and snowboarders set sail across the infamous Drake Passage, bound for the icy, near-vertical slopes of Antarctica. Against the breathtaking backdrop of the White Continent, their journey becomes more than a pursuit of first descents [&hellip;]<\/p>\n","protected":false},"author":1,"featured_media":0,"parent":16,"menu_order":0,"comment_status":"closed","ping_status":"closed","template":"","meta":{"footnotes":""},"class_list":["post-29","page","type-page","status-publish","hentry"],"yoast_head":"<!-- This site is optimized with the Yoast SEO plugin v27.3 - https:\/\/yoast.com\/product\/yoast-seo-wordpress\/ -->\n<title>Of a Lifetime - BANFF Estonia<\/title>\n<meta name=\"robots\" content=\"index, follow, max-snippet:-1, max-image-preview:large, max-video-preview:-1\" \/>\n<link rel=\"canonical\" href=\"https:\/\/banff.ee\/ee\/films\/of-a-lifetime\/\" \/>\n<meta property=\"og:locale\" content=\"et_EE\" \/>\n<meta property=\"og:type\" content=\"article\" \/>\n<meta property=\"og:title\" content=\"Of a Lifetime - BANFF Estonia\" \/>\n<meta property=\"og:description\" content=\"44 MIN | SWITZERLAND | 2024 OF A LIFETIME DIR: J\u00c9R\u00d4ME TANON The world-renowned De Le Rue family of skiers and snowboarders set sail across the infamous Drake Passage, bound for the icy, near-vertical slopes of Antarctica. Against the breathtaking backdrop of the White Continent, their journey becomes more than a pursuit of first descents [&hellip;]\" \/>\n<meta property=\"og:url\" content=\"https:\/\/banff.ee\/ee\/films\/of-a-lifetime\/\" \/>\n<meta property=\"og:site_name\" content=\"BANFF Estonia\" \/>\n<meta property=\"article:modified_time\" content=\"2025-09-17T19:35:08+00:00\" \/>\n<meta name=\"twitter:card\" content=\"summary_large_image\" \/>\n<meta name=\"twitter:label1\" content=\"Est. reading time\" \/>\n\t<meta name=\"twitter:data1\" content=\"1 minut\" \/>\n<script type=\"application\/ld+json\" class=\"yoast-schema-graph\">{\"@context\":\"https:\\\/\\\/schema.org\",\"@graph\":[{\"@type\":\"WebPage\",\"@id\":\"https:\\\/\\\/banff.ee\\\/films\\\/of-a-lifetime\\\/\",\"url\":\"https:\\\/\\\/banff.ee\\\/films\\\/of-a-lifetime\\\/\",\"name\":\"Of a Lifetime - BANFF Estonia\",\"isPartOf\":{\"@id\":\"https:\\\/\\\/banff.ee\\\/#website\"},\"datePublished\":\"2022-05-04T20:35:52+00:00\",\"dateModified\":\"2025-09-17T19:35:08+00:00\",\"breadcrumb\":{\"@id\":\"https:\\\/\\\/banff.ee\\\/films\\\/of-a-lifetime\\\/#breadcrumb\"},\"inLanguage\":\"et\",\"potentialAction\":[{\"@type\":\"ReadAction\",\"target\":[\"https:\\\/\\\/banff.ee\\\/films\\\/of-a-lifetime\\\/\"]}]},{\"@type\":\"BreadcrumbList\",\"@id\":\"https:\\\/\\\/banff.ee\\\/films\\\/of-a-lifetime\\\/#breadcrumb\",\"itemListElement\":[{\"@type\":\"ListItem\",\"position\":1,\"name\":\"Home\",\"item\":\"https:\\\/\\\/banff.ee\\\/\"},{\"@type\":\"ListItem\",\"position\":2,\"name\":\"Films\",\"item\":\"https:\\\/\\\/banff.ee\\\/films\\\/\"},{\"@type\":\"ListItem\",\"position\":3,\"name\":\"Of a Lifetime\"}]},{\"@type\":\"WebSite\",\"@id\":\"https:\\\/\\\/banff.ee\\\/#website\",\"url\":\"https:\\\/\\\/banff.ee\\\/\",\"name\":\"BANFF Estonia\",\"description\":\"\",\"publisher\":{\"@id\":\"https:\\\/\\\/banff.ee\\\/#organization\"},\"potentialAction\":[{\"@type\":\"SearchAction\",\"target\":{\"@type\":\"EntryPoint\",\"urlTemplate\":\"https:\\\/\\\/banff.ee\\\/?s={search_term_string}\"},\"query-input\":{\"@type\":\"PropertyValueSpecification\",\"valueRequired\":true,\"valueName\":\"search_term_string\"}}],\"inLanguage\":\"et\"},{\"@type\":\"Organization\",\"@id\":\"https:\\\/\\\/banff.ee\\\/#organization\",\"name\":\"BANFF Estonia\",\"url\":\"https:\\\/\\\/banff.ee\\\/\",\"logo\":{\"@type\":\"ImageObject\",\"inLanguage\":\"et\",\"@id\":\"https:\\\/\\\/banff.ee\\\/#\\\/schema\\\/logo\\\/image\\\/\",\"url\":\"https:\\\/\\\/banff.ee\\\/wp-content\\\/uploads\\\/2022\\\/05\\\/banff-logo-header.png\",\"contentUrl\":\"https:\\\/\\\/banff.ee\\\/wp-content\\\/uploads\\\/2022\\\/05\\\/banff-logo-header.png\",\"width\":500,\"height\":264,\"caption\":\"BANFF Estonia\"},\"image\":{\"@id\":\"https:\\\/\\\/banff.ee\\\/#\\\/schema\\\/logo\\\/image\\\/\"}}]}<\/script>\n<!-- \/ Yoast SEO plugin. -->","yoast_head_json":{"title":"Of a Lifetime - BANFF Estonia","robots":{"index":"index","follow":"follow","max-snippet":"max-snippet:-1","max-image-preview":"max-image-preview:large","max-video-preview":"max-video-preview:-1"},"canonical":"https:\/\/banff.ee\/ee\/films\/of-a-lifetime\/","og_locale":"et_EE","og_type":"article","og_title":"Of a Lifetime - BANFF Estonia","og_description":"44 MIN | SWITZERLAND | 2024 OF A LIFETIME DIR: J\u00c9R\u00d4ME TANON The world-renowned De Le Rue family of skiers and snowboarders set sail across the infamous Drake Passage, bound for the icy, near-vertical slopes of Antarctica. Against the breathtaking backdrop of the White Continent, their journey becomes more than a pursuit of first descents [&hellip;]","og_url":"https:\/\/banff.ee\/ee\/films\/of-a-lifetime\/","og_site_name":"BANFF Estonia","article_modified_time":"2025-09-17T19:35:08+00:00","twitter_card":"summary_large_image","twitter_misc":{"Est. reading time":"1 minut"},"schema":{"@context":"https:\/\/schema.org","@graph":[{"@type":"WebPage","@id":"https:\/\/banff.ee\/films\/of-a-lifetime\/","url":"https:\/\/banff.ee\/films\/of-a-lifetime\/","name":"Of a Lifetime - BANFF Estonia","isPartOf":{"@id":"https:\/\/banff.ee\/#website"},"datePublished":"2022-05-04T20:35:52+00:00","dateModified":"2025-09-17T19:35:08+00:00","breadcrumb":{"@id":"https:\/\/banff.ee\/films\/of-a-lifetime\/#breadcrumb"},"inLanguage":"et","potentialAction":[{"@type":"ReadAction","target":["https:\/\/banff.ee\/films\/of-a-lifetime\/"]}]},{"@type":"BreadcrumbList","@id":"https:\/\/banff.ee\/films\/of-a-lifetime\/#breadcrumb","itemListElement":[{"@type":"ListItem","position":1,"name":"Home","item":"https:\/\/banff.ee\/"},{"@type":"ListItem","position":2,"name":"Films","item":"https:\/\/banff.ee\/films\/"},{"@type":"ListItem","position":3,"name":"Of a Lifetime"}]},{"@type":"WebSite","@id":"https:\/\/banff.ee\/#website","url":"https:\/\/banff.ee\/","name":"BANFF Estonia","description":"","publisher":{"@id":"https:\/\/banff.ee\/#organization"},"potentialAction":[{"@type":"SearchAction","target":{"@type":"EntryPoint","urlTemplate":"https:\/\/banff.ee\/?s={search_term_string}"},"query-input":{"@type":"PropertyValueSpecification","valueRequired":true,"valueName":"search_term_string"}}],"inLanguage":"et"},{"@type":"Organization","@id":"https:\/\/banff.ee\/#organization","name":"BANFF Estonia","url":"https:\/\/banff.ee\/","logo":{"@type":"ImageObject","inLanguage":"et","@id":"https:\/\/banff.ee\/#\/schema\/logo\/image\/","url":"https:\/\/banff.ee\/wp-content\/uploads\/2022\/05\/banff-logo-header.png","contentUrl":"https:\/\/banff.ee\/wp-content\/uploads\/2022\/05\/banff-logo-header.png","width":500,"height":264,"caption":"BANFF Estonia"},"image":{"@id":"https:\/\/banff.ee\/#\/schema\/logo\/image\/"}}]}},"_links":{"self":[{"href":"https:\/\/banff.ee\/ee\/wp-json\/wp\/v2\/pages\/29","targetHints":{"allow":["GET"]}}],"collection":[{"href":"https:\/\/banff.ee\/ee\/wp-json\/wp\/v2\/pages"}],"about":[{"href":"https:\/\/banff.ee\/ee\/wp-json\/wp\/v2\/types\/page"}],"author":[{"embeddable":true,"href":"https:\/\/banff.ee\/ee\/wp-json\/wp\/v2\/users\/1"}],"replies":[{"embeddable":true,"href":"https:\/\/banff.ee\/ee\/wp-json\/wp\/v2\/comments?post=29"}],"version-history":[{"count":5,"href":"https:\/\/banff.ee\/ee\/wp-json\/wp\/v2\/pages\/29\/revisions"}],"predecessor-version":[{"id":6441,"href":"https:\/\/banff.ee\/ee\/wp-json\/wp\/v2\/pages\/29\/revisions\/6441"}],"up":[{"embeddable":true,"href":"https:\/\/banff.ee\/ee\/wp-json\/wp\/v2\/pages\/16"}],"wp:attachment":[{"href":"https:\/\/banff.ee\/ee\/wp-json\/wp\/v2\/media?parent=29"}],"curies":[{"name":"wp","href":"https:\/\/api.w.org\/{rel}","templated":true}]}}