{"id":3440,"date":"2023-09-03T14:35:38","date_gmt":"2023-09-03T11:35:38","guid":{"rendered":"https:\/\/banff.ee\/?page_id=3440"},"modified":"2023-10-10T21:45:22","modified_gmt":"2023-10-10T18:45:22","slug":"banff2022","status":"publish","type":"page","link":"https:\/\/banff.ee\/ee\/banff2022\/","title":{"rendered":"BANFF 2022"},"content":{"rendered":"<div data-elementor-type=\"wp-page\" data-elementor-id=\"3440\" class=\"elementor elementor-3440\" data-elementor-post-type=\"page\">\n\t\t\t\t\t\t<section class=\"elementor-section elementor-top-section elementor-element elementor-element-d1cd596 elementor-section-boxed elementor-section-height-default elementor-section-height-default\" data-id=\"d1cd596\" data-element_type=\"section\" data-e-type=\"section\">\n\t\t\t\t\t\t<div class=\"elementor-container elementor-column-gap-default\">\n\t\t\t\t\t<div class=\"elementor-column elementor-col-100 elementor-top-column elementor-element elementor-element-4018878\" data-id=\"4018878\" data-element_type=\"column\" data-e-type=\"column\">\n\t\t\t<div class=\"elementor-widget-wrap elementor-element-populated\">\n\t\t\t\t\t\t<div class=\"elementor-element elementor-element-754977c elementor-widget elementor-widget-heading\" data-id=\"754977c\" data-element_type=\"widget\" data-e-type=\"widget\" data-widget_type=\"heading.default\">\n\t\t\t\t<div class=\"elementor-widget-container\">\n\t\t\t\t\t<h1 class=\"elementor-heading-title elementor-size-default\">BANFF 2022<\/h1>\t\t\t\t<\/div>\n\t\t\t\t<\/div>\n\t\t\t\t\t<\/div>\n\t\t<\/div>\n\t\t\t\t\t<\/div>\n\t\t<\/section>\n\t\t\t\t<section class=\"elementor-section elementor-top-section elementor-element elementor-element-4b61920 elementor-section-boxed elementor-section-height-default elementor-section-height-default\" data-id=\"4b61920\" data-element_type=\"section\" data-e-type=\"section\">\n\t\t\t\t\t\t<div class=\"elementor-container elementor-column-gap-default\">\n\t\t\t\t\t<div class=\"elementor-column elementor-col-100 elementor-top-column elementor-element elementor-element-7a0c711\" data-id=\"7a0c711\" data-element_type=\"column\" data-e-type=\"column\">\n\t\t\t<div class=\"elementor-widget-wrap elementor-element-populated\">\n\t\t\t\t\t\t<div class=\"elementor-element elementor-element-e7bf69a elementor-widget elementor-widget-text-editor\" data-id=\"e7bf69a\" data-element_type=\"widget\" data-e-type=\"widget\" data-widget_type=\"text-editor.default\">\n\t\t\t\t<div class=\"elementor-widget-container\">\n\t\t\t\t\t\t\t\t\t<div>Esimene Banff Eestis toimus 27. oktoobril 2022 Tallinnas ajaloolises kinos S\u00f5prus ning see osutus v\u00e4lja m\u00fc\u00fcdud \u00fcrituseks.<\/div>\t\t\t\t\t\t\t\t<\/div>\n\t\t\t\t<\/div>\n\t\t\t\t\t<\/div>\n\t\t<\/div>\n\t\t\t\t\t<\/div>\n\t\t<\/section>\n\t\t\t\t<section class=\"elementor-section elementor-top-section elementor-element elementor-element-1f9ba44c elementor-section-full_width elementor-section-height-min-height elementor-section-items-stretch elementor-section-height-default\" data-id=\"1f9ba44c\" data-element_type=\"section\" data-e-type=\"section\">\n\t\t\t\t\t\t<div class=\"elementor-container elementor-column-gap-default\">\n\t\t\t\t\t<div class=\"elementor-column elementor-col-100 elementor-top-column elementor-element elementor-element-36d616c3\" data-id=\"36d616c3\" data-element_type=\"column\" data-e-type=\"column\">\n\t\t\t<div class=\"elementor-widget-wrap elementor-element-populated\">\n\t\t\t\t\t\t<div class=\"elementor-element elementor-element-7d0d9e7f elementor-arrows-position-inside elementor-widget elementor-widget-image-carousel\" data-id=\"7d0d9e7f\" data-element_type=\"widget\" data-e-type=\"widget\" data-settings=\"{&quot;slides_to_show&quot;:&quot;3&quot;,&quot;slides_to_scroll&quot;:&quot;1&quot;,&quot;navigation&quot;:&quot;arrows&quot;,&quot;pause_on_hover&quot;:&quot;no&quot;,&quot;pause_on_interaction&quot;:&quot;no&quot;,&quot;slides_to_show_mobile&quot;:&quot;1&quot;,&quot;autoplay&quot;:&quot;yes&quot;,&quot;autoplay_speed&quot;:5000,&quot;infinite&quot;:&quot;yes&quot;,&quot;speed&quot;:500,&quot;image_spacing_custom&quot;:{&quot;unit&quot;:&quot;px&quot;,&quot;size&quot;:20,&quot;sizes&quot;:[]},&quot;image_spacing_custom_tablet&quot;:{&quot;unit&quot;:&quot;px&quot;,&quot;size&quot;:&quot;&quot;,&quot;sizes&quot;:[]}}\" data-widget_type=\"image-carousel.default\">\n\t\t\t\t<div class=\"elementor-widget-container\">\n\t\t\t\t\t\t\t<div class=\"elementor-image-carousel-wrapper swiper\" role=\"region\" aria-roledescription=\"carousel\" aria-label=\"Image Carousel\" dir=\"ltr\">\n\t\t\t<div class=\"elementor-image-carousel swiper-wrapper swiper-image-stretch\" aria-live=\"off\">\n\t\t\t\t\t\t\t\t<div class=\"swiper-slide\" role=\"group\" aria-roledescription=\"slide\" aria-label=\"1 of 6\"><figure class=\"swiper-slide-inner\"><img decoding=\"async\" class=\"swiper-slide-image\" src=\"https:\/\/banff.ee\/wp-content\/uploads\/2023\/09\/2022_1-\u2013-6-4-jpg.webp\" alt=\"2022_1 \u2013 6\" \/><\/figure><\/div><div class=\"swiper-slide\" role=\"group\" aria-roledescription=\"slide\" aria-label=\"2 of 6\"><figure class=\"swiper-slide-inner\"><img decoding=\"async\" class=\"swiper-slide-image\" src=\"https:\/\/banff.ee\/wp-content\/uploads\/2023\/09\/2022_1-\u2013-7-4-jpg.webp\" alt=\"2022_1 \u2013 7\" \/><\/figure><\/div><div class=\"swiper-slide\" role=\"group\" aria-roledescription=\"slide\" aria-label=\"3 of 6\"><figure class=\"swiper-slide-inner\"><img decoding=\"async\" class=\"swiper-slide-image\" src=\"https:\/\/banff.ee\/wp-content\/uploads\/2023\/09\/2022_1-\u2013-8-4-jpg.webp\" alt=\"2022_1 \u2013 8\" \/><\/figure><\/div><div class=\"swiper-slide\" role=\"group\" aria-roledescription=\"slide\" aria-label=\"4 of 6\"><figure class=\"swiper-slide-inner\"><img decoding=\"async\" class=\"swiper-slide-image\" src=\"https:\/\/banff.ee\/wp-content\/uploads\/2023\/09\/2022_1-\u2013-9-4-jpg.webp\" alt=\"2022_1 \u2013 9\" \/><\/figure><\/div><div class=\"swiper-slide\" role=\"group\" aria-roledescription=\"slide\" aria-label=\"5 of 6\"><figure class=\"swiper-slide-inner\"><img decoding=\"async\" class=\"swiper-slide-image\" src=\"https:\/\/banff.ee\/wp-content\/uploads\/2023\/09\/2022_1-\u2013-10-4-jpg.webp\" alt=\"2022_1 \u2013 10\" \/><\/figure><\/div><div class=\"swiper-slide\" role=\"group\" aria-roledescription=\"slide\" aria-label=\"6 of 6\"><figure class=\"swiper-slide-inner\"><img decoding=\"async\" class=\"swiper-slide-image\" src=\"https:\/\/banff.ee\/wp-content\/uploads\/2023\/09\/2022_1-\u2013-11-1-jpg.webp\" alt=\"2022_1 \u2013 11\" \/><\/figure><\/div>\t\t\t<\/div>\n\t\t\t\t\t\t\t\t\t\t\t\t<div class=\"elementor-swiper-button elementor-swiper-button-prev\" role=\"button\" tabindex=\"0\">\n\t\t\t\t\t\t<i aria-hidden=\"true\" class=\"eicon-chevron-left\"><\/i>\t\t\t\t\t<\/div>\n\t\t\t\t\t<div class=\"elementor-swiper-button elementor-swiper-button-next\" role=\"button\" tabindex=\"0\">\n\t\t\t\t\t\t<i aria-hidden=\"true\" class=\"eicon-chevron-right\"><\/i>\t\t\t\t\t<\/div>\n\t\t\t\t\n\t\t\t\t\t\t\t\t\t<\/div>\n\t\t\t\t\t\t<\/div>\n\t\t\t\t<\/div>\n\t\t\t\t\t<\/div>\n\t\t<\/div>\n\t\t\t\t\t<\/div>\n\t\t<\/section>\n\t\t\t\t<\/div>","protected":false},"excerpt":{"rendered":"<p>BANFF 2022 The first Banff in Estonia took place in historical cinema S\u00f5prus in Tallinn on the 27th October 2022 and it turned out to be a sold out event.<\/p>","protected":false},"author":1,"featured_media":0,"parent":0,"menu_order":0,"comment_status":"closed","ping_status":"closed","template":"","meta":{"footnotes":""},"class_list":["post-3440","page","type-page","status-publish","hentry"],"yoast_head":"<!-- This site is optimized with the Yoast SEO plugin v27.4 - https:\/\/yoast.com\/product\/yoast-seo-wordpress\/ -->\n<title>BANFF 2022 - BANFF Estonia<\/title>\n<meta name=\"description\" content=\"The first Banff in Estonia took place in historical cinema S\u00f5prus in Tallinn on the 27th October 2022 and it turned out to be a sold out event.\" \/>\n<meta name=\"robots\" content=\"index, follow, max-snippet:-1, max-image-preview:large, max-video-preview:-1\" \/>\n<link rel=\"canonical\" href=\"https:\/\/banff.ee\/ee\/banff2022\/\" \/>\n<meta property=\"og:locale\" content=\"et_EE\" \/>\n<meta property=\"og:type\" content=\"article\" \/>\n<meta property=\"og:title\" content=\"BANFF 2022 - BANFF Estonia\" \/>\n<meta property=\"og:description\" content=\"The first Banff in Estonia took place in historical cinema S\u00f5prus in Tallinn on the 27th October 2022 and it turned out to be a sold out event.\" \/>\n<meta property=\"og:url\" content=\"https:\/\/banff.ee\/ee\/banff2022\/\" \/>\n<meta property=\"og:site_name\" content=\"BANFF Estonia\" \/>\n<meta property=\"article:modified_time\" content=\"2023-10-10T18:45:22+00:00\" \/>\n<meta name=\"twitter:card\" content=\"summary_large_image\" \/>\n<meta name=\"twitter:label1\" content=\"Est. reading time\" \/>\n\t<meta name=\"twitter:data1\" content=\"2 minutit\" \/>\n<script type=\"application\/ld+json\" class=\"yoast-schema-graph\">{\"@context\":\"https:\\\/\\\/schema.org\",\"@graph\":[{\"@type\":\"WebPage\",\"@id\":\"https:\\\/\\\/banff.ee\\\/banff2022\\\/\",\"url\":\"https:\\\/\\\/banff.ee\\\/banff2022\\\/\",\"name\":\"BANFF 2022 - BANFF Estonia\",\"isPartOf\":{\"@id\":\"https:\\\/\\\/banff.ee\\\/#website\"},\"datePublished\":\"2023-09-03T11:35:38+00:00\",\"dateModified\":\"2023-10-10T18:45:22+00:00\",\"description\":\"The first Banff in Estonia took place in historical cinema S\u00f5prus in Tallinn on the 27th October 2022 and it turned out to be a sold out event.\",\"breadcrumb\":{\"@id\":\"https:\\\/\\\/banff.ee\\\/banff2022\\\/#breadcrumb\"},\"inLanguage\":\"et\",\"potentialAction\":[{\"@type\":\"ReadAction\",\"target\":[\"https:\\\/\\\/banff.ee\\\/banff2022\\\/\"]}]},{\"@type\":\"BreadcrumbList\",\"@id\":\"https:\\\/\\\/banff.ee\\\/banff2022\\\/#breadcrumb\",\"itemListElement\":[{\"@type\":\"ListItem\",\"position\":1,\"name\":\"Home\",\"item\":\"https:\\\/\\\/banff.ee\\\/\"},{\"@type\":\"ListItem\",\"position\":2,\"name\":\"BANFF 2022\"}]},{\"@type\":\"WebSite\",\"@id\":\"https:\\\/\\\/banff.ee\\\/#website\",\"url\":\"https:\\\/\\\/banff.ee\\\/\",\"name\":\"BANFF Estonia\",\"description\":\"\",\"publisher\":{\"@id\":\"https:\\\/\\\/banff.ee\\\/#organization\"},\"potentialAction\":[{\"@type\":\"SearchAction\",\"target\":{\"@type\":\"EntryPoint\",\"urlTemplate\":\"https:\\\/\\\/banff.ee\\\/?s={search_term_string}\"},\"query-input\":{\"@type\":\"PropertyValueSpecification\",\"valueRequired\":true,\"valueName\":\"search_term_string\"}}],\"inLanguage\":\"et\"},{\"@type\":\"Organization\",\"@id\":\"https:\\\/\\\/banff.ee\\\/#organization\",\"name\":\"BANFF Estonia\",\"url\":\"https:\\\/\\\/banff.ee\\\/\",\"logo\":{\"@type\":\"ImageObject\",\"inLanguage\":\"et\",\"@id\":\"https:\\\/\\\/banff.ee\\\/#\\\/schema\\\/logo\\\/image\\\/\",\"url\":\"https:\\\/\\\/banff.ee\\\/wp-content\\\/uploads\\\/2022\\\/05\\\/banff-logo-header.png\",\"contentUrl\":\"https:\\\/\\\/banff.ee\\\/wp-content\\\/uploads\\\/2022\\\/05\\\/banff-logo-header.png\",\"width\":500,\"height\":264,\"caption\":\"BANFF Estonia\"},\"image\":{\"@id\":\"https:\\\/\\\/banff.ee\\\/#\\\/schema\\\/logo\\\/image\\\/\"}}]}<\/script>\n<!-- \/ Yoast SEO plugin. -->","yoast_head_json":{"title":"BANFF 2022 - BANFF Estonia","description":"Esimene Banff Eestis toimus 27. oktoobril 2022 Tallinnas ajaloolises kinos S\u00f5prus ning see osutus v\u00e4lja m\u00fc\u00fcdud \u00fcrituseks.","robots":{"index":"index","follow":"follow","max-snippet":"max-snippet:-1","max-image-preview":"max-image-preview:large","max-video-preview":"max-video-preview:-1"},"canonical":"https:\/\/banff.ee\/ee\/banff2022\/","og_locale":"et_EE","og_type":"article","og_title":"BANFF 2022 - BANFF Estonia","og_description":"The first Banff in Estonia took place in historical cinema S\u00f5prus in Tallinn on the 27th October 2022 and it turned out to be a sold out event.","og_url":"https:\/\/banff.ee\/ee\/banff2022\/","og_site_name":"BANFF Estonia","article_modified_time":"2023-10-10T18:45:22+00:00","twitter_card":"summary_large_image","twitter_misc":{"Est. reading time":"2 minutit"},"schema":{"@context":"https:\/\/schema.org","@graph":[{"@type":"WebPage","@id":"https:\/\/banff.ee\/banff2022\/","url":"https:\/\/banff.ee\/banff2022\/","name":"BANFF 2022 - BANFF Estonia","isPartOf":{"@id":"https:\/\/banff.ee\/#website"},"datePublished":"2023-09-03T11:35:38+00:00","dateModified":"2023-10-10T18:45:22+00:00","description":"Esimene Banff Eestis toimus 27. oktoobril 2022 Tallinnas ajaloolises kinos S\u00f5prus ning see osutus v\u00e4lja m\u00fc\u00fcdud \u00fcrituseks.","breadcrumb":{"@id":"https:\/\/banff.ee\/banff2022\/#breadcrumb"},"inLanguage":"et","potentialAction":[{"@type":"ReadAction","target":["https:\/\/banff.ee\/banff2022\/"]}]},{"@type":"BreadcrumbList","@id":"https:\/\/banff.ee\/banff2022\/#breadcrumb","itemListElement":[{"@type":"ListItem","position":1,"name":"Home","item":"https:\/\/banff.ee\/"},{"@type":"ListItem","position":2,"name":"BANFF 2022"}]},{"@type":"WebSite","@id":"https:\/\/banff.ee\/#website","url":"https:\/\/banff.ee\/","name":"BANFF Estonia","description":"","publisher":{"@id":"https:\/\/banff.ee\/#organization"},"potentialAction":[{"@type":"SearchAction","target":{"@type":"EntryPoint","urlTemplate":"https:\/\/banff.ee\/?s={search_term_string}"},"query-input":{"@type":"PropertyValueSpecification","valueRequired":true,"valueName":"search_term_string"}}],"inLanguage":"et"},{"@type":"Organization","@id":"https:\/\/banff.ee\/#organization","name":"BANFF Estonia","url":"https:\/\/banff.ee\/","logo":{"@type":"ImageObject","inLanguage":"et","@id":"https:\/\/banff.ee\/#\/schema\/logo\/image\/","url":"https:\/\/banff.ee\/wp-content\/uploads\/2022\/05\/banff-logo-header.png","contentUrl":"https:\/\/banff.ee\/wp-content\/uploads\/2022\/05\/banff-logo-header.png","width":500,"height":264,"caption":"BANFF Estonia"},"image":{"@id":"https:\/\/banff.ee\/#\/schema\/logo\/image\/"}}]}},"_links":{"self":[{"href":"https:\/\/banff.ee\/ee\/wp-json\/wp\/v2\/pages\/3440","targetHints":{"allow":["GET"]}}],"collection":[{"href":"https:\/\/banff.ee\/ee\/wp-json\/wp\/v2\/pages"}],"about":[{"href":"https:\/\/banff.ee\/ee\/wp-json\/wp\/v2\/types\/page"}],"author":[{"embeddable":true,"href":"https:\/\/banff.ee\/ee\/wp-json\/wp\/v2\/users\/1"}],"replies":[{"embeddable":true,"href":"https:\/\/banff.ee\/ee\/wp-json\/wp\/v2\/comments?post=3440"}],"version-history":[{"count":5,"href":"https:\/\/banff.ee\/ee\/wp-json\/wp\/v2\/pages\/3440\/revisions"}],"predecessor-version":[{"id":4479,"href":"https:\/\/banff.ee\/ee\/wp-json\/wp\/v2\/pages\/3440\/revisions\/4479"}],"wp:attachment":[{"href":"https:\/\/banff.ee\/ee\/wp-json\/wp\/v2\/media?parent=3440"}],"curies":[{"name":"wp","href":"https:\/\/api.w.org\/{rel}","templated":true}]}}