{"id":35,"date":"2022-05-04T20:37:01","date_gmt":"2022-05-04T20:37:01","guid":{"rendered":"https:\/\/banff.ee\/?page_id=35"},"modified":"2025-09-17T22:36:07","modified_gmt":"2025-09-17T19:36:07","slug":"ice-waterfalls","status":"publish","type":"page","link":"https:\/\/banff.ee\/ee\/films\/ice-waterfalls\/","title":{"rendered":"J\u00e4\u00e4jugade otsinguil"},"content":{"rendered":"<div data-elementor-type=\"wp-page\" data-elementor-id=\"35\" class=\"elementor elementor-35\" data-elementor-post-type=\"page\">\n\t\t\t\t\t\t<section class=\"elementor-section elementor-top-section elementor-element elementor-element-200f4466 elementor-section-boxed elementor-section-height-default elementor-section-height-default\" data-id=\"200f4466\" data-element_type=\"section\" data-e-type=\"section\">\n\t\t\t\t\t\t\t<div class=\"elementor-background-overlay\"><\/div>\n\t\t\t\t\t\t\t<div class=\"elementor-container elementor-column-gap-default\">\n\t\t\t\t\t<div class=\"elementor-column elementor-col-50 elementor-top-column elementor-element elementor-element-3dce976a\" data-id=\"3dce976a\" data-element_type=\"column\" data-e-type=\"column\">\n\t\t\t<div class=\"elementor-widget-wrap elementor-element-populated\">\n\t\t\t\t\t\t<div class=\"elementor-element elementor-element-4fc9942e elementor-widget elementor-widget-text-editor\" data-id=\"4fc9942e\" data-element_type=\"widget\" data-e-type=\"widget\" data-widget_type=\"text-editor.default\">\n\t\t\t\t<div class=\"elementor-widget-container\">\n\t\t\t\t\t\t\t\t\t<p>36 MIN | HISPAANIA | 2024<\/p>\t\t\t\t\t\t\t\t<\/div>\n\t\t\t\t<\/div>\n\t\t\t\t<div class=\"elementor-element elementor-element-210f542f elementor-widget elementor-widget-heading\" data-id=\"210f542f\" data-element_type=\"widget\" data-e-type=\"widget\" data-widget_type=\"heading.default\">\n\t\t\t\t<div class=\"elementor-widget-container\">\n\t\t\t\t\t<h2 class=\"elementor-heading-title elementor-size-default\">J\u00c4\u00c4JUGADE OTSINGUIL<\/h2>\t\t\t\t<\/div>\n\t\t\t\t<\/div>\n\t\t\t\t<div class=\"elementor-element elementor-element-44d883d9 elementor-widget elementor-widget-text-editor\" data-id=\"44d883d9\" data-element_type=\"widget\" data-e-type=\"widget\" data-widget_type=\"text-editor.default\">\n\t\t\t\t<div class=\"elementor-widget-container\">\n\t\t\t\t\t\t\t\t\t<p><strong>DIR: DAVID ARNAUD<\/strong><\/p>\t\t\t\t\t\t\t\t<\/div>\n\t\t\t\t<\/div>\n\t\t\t\t<div class=\"elementor-element elementor-element-2b39f516 elementor-widget elementor-widget-text-editor\" data-id=\"2b39f516\" data-element_type=\"widget\" data-e-type=\"widget\" data-widget_type=\"text-editor.default\">\n\t\t\t\t<div class=\"elementor-widget-container\">\n\t\t\t\t\t\t\t\t\t<p>Tipps\u00fcstas\u00f5itja Aniol Serrasolses seab sihiks ajaloo suurima v\u00e4ljakutse \u2013 s\u00f5ita 20 meetri k\u00f5rguselt s\u00fcstaga alla liustikujugadest Svalbardis. See on lugu piiride \u00fcletamisest, loovusest ja kustumatust soovist avastada tundmatut.<\/p>\t\t\t\t\t\t\t\t<\/div>\n\t\t\t\t<\/div>\n\t\t\t\t<div class=\"elementor-element elementor-element-6ca2b398 elementor-widget elementor-widget-button\" data-id=\"6ca2b398\" data-element_type=\"widget\" data-e-type=\"widget\" data-widget_type=\"button.default\">\n\t\t\t\t<div class=\"elementor-widget-container\">\n\t\t\t\t\t\t\t\t\t<div class=\"elementor-button-wrapper\">\n\t\t\t\t\t<a class=\"elementor-button elementor-button-link elementor-size-sm\" href=\"https:\/\/fienta.com\/et\/o\/mtukappar\">\n\t\t\t\t\t\t<span class=\"elementor-button-content-wrapper\">\n\t\t\t\t\t\t\t\t\t<span class=\"elementor-button-text\">Piletid \u2192<\/span>\n\t\t\t\t\t<\/span>\n\t\t\t\t\t<\/a>\n\t\t\t\t<\/div>\n\t\t\t\t\t\t\t\t<\/div>\n\t\t\t\t<\/div>\n\t\t\t\t\t<\/div>\n\t\t<\/div>\n\t\t\t\t<div class=\"elementor-column elementor-col-50 elementor-top-column elementor-element elementor-element-782cea42\" data-id=\"782cea42\" data-element_type=\"column\" data-e-type=\"column\">\n\t\t\t<div class=\"elementor-widget-wrap\">\n\t\t\t\t\t\t\t<\/div>\n\t\t<\/div>\n\t\t\t\t\t<\/div>\n\t\t<\/section>\n\t\t\t\t<section class=\"elementor-section elementor-top-section elementor-element elementor-element-1e8ce7a9 elementor-hidden-mobile elementor-section-boxed elementor-section-height-default elementor-section-height-default\" data-id=\"1e8ce7a9\" data-element_type=\"section\" data-e-type=\"section\">\n\t\t\t\t\t\t<div class=\"elementor-container elementor-column-gap-default\">\n\t\t\t\t\t<div class=\"elementor-column elementor-col-50 elementor-top-column elementor-element elementor-element-214f4187\" data-id=\"214f4187\" data-element_type=\"column\" data-e-type=\"column\">\n\t\t\t<div class=\"elementor-widget-wrap elementor-element-populated\">\n\t\t\t\t\t\t<div class=\"elementor-element elementor-element-1b5f7143 elementor-align-left elementor-widget__width-initial elementor-absolute elementor-widget elementor-widget-button\" data-id=\"1b5f7143\" data-element_type=\"widget\" data-e-type=\"widget\" data-settings=\"{&quot;_position&quot;:&quot;absolute&quot;}\" data-widget_type=\"button.default\">\n\t\t\t\t<div class=\"elementor-widget-container\">\n\t\t\t\t\t\t\t\t\t<div class=\"elementor-button-wrapper\">\n\t\t\t\t\t<a class=\"elementor-button elementor-button-link elementor-size-sm\" href=\"https:\/\/banff.ee\/ee\/films\/ian\/\">\n\t\t\t\t\t\t<span class=\"elementor-button-content-wrapper\">\n\t\t\t\t\t\t\t\t\t<span class=\"elementor-button-text\">\u2190 IAN<\/span>\n\t\t\t\t\t<\/span>\n\t\t\t\t\t<\/a>\n\t\t\t\t<\/div>\n\t\t\t\t\t\t\t\t<\/div>\n\t\t\t\t<\/div>\n\t\t\t\t\t<\/div>\n\t\t<\/div>\n\t\t\t\t<div class=\"elementor-column elementor-col-50 elementor-top-column elementor-element elementor-element-552a2ac0\" data-id=\"552a2ac0\" data-element_type=\"column\" data-e-type=\"column\">\n\t\t\t<div class=\"elementor-widget-wrap elementor-element-populated\">\n\t\t\t\t\t\t<div class=\"elementor-element elementor-element-61ce4929 elementor-align-right elementor-widget__width-initial elementor-absolute elementor-widget elementor-widget-button\" data-id=\"61ce4929\" data-element_type=\"widget\" data-e-type=\"widget\" data-settings=\"{&quot;_position&quot;:&quot;absolute&quot;}\" data-widget_type=\"button.default\">\n\t\t\t\t<div class=\"elementor-widget-container\">\n\t\t\t\t\t\t\t\t\t<div class=\"elementor-button-wrapper\">\n\t\t\t\t\t<a class=\"elementor-button elementor-button-link elementor-size-sm\" href=\"https:\/\/banff.ee\/ee\/films\/anytime-utah\/\">\n\t\t\t\t\t\t<span class=\"elementor-button-content-wrapper\">\n\t\t\t\t\t\t\t\t\t<span class=\"elementor-button-text\">IGAL AJAL - UTAH \u2192<\/span>\n\t\t\t\t\t<\/span>\n\t\t\t\t\t<\/a>\n\t\t\t\t<\/div>\n\t\t\t\t\t\t\t\t<\/div>\n\t\t\t\t<\/div>\n\t\t\t\t\t<\/div>\n\t\t<\/div>\n\t\t\t\t\t<\/div>\n\t\t<\/section>\n\t\t\t\t<section class=\"elementor-section elementor-top-section elementor-element elementor-element-1d9aea4d elementor-hidden-desktop elementor-hidden-tablet elementor-section-boxed elementor-section-height-default elementor-section-height-default\" data-id=\"1d9aea4d\" data-element_type=\"section\" data-e-type=\"section\">\n\t\t\t\t\t\t<div class=\"elementor-container elementor-column-gap-default\">\n\t\t\t\t\t<div class=\"elementor-column elementor-col-50 elementor-top-column elementor-element elementor-element-7263bdd5\" data-id=\"7263bdd5\" data-element_type=\"column\" data-e-type=\"column\">\n\t\t\t<div class=\"elementor-widget-wrap elementor-element-populated\">\n\t\t\t\t\t\t<div class=\"elementor-element elementor-element-220a6181 elementor-align-right elementor-widget__width-initial elementor-mobile-align-left elementor-widget elementor-widget-button\" data-id=\"220a6181\" data-element_type=\"widget\" data-e-type=\"widget\" data-widget_type=\"button.default\">\n\t\t\t\t<div class=\"elementor-widget-container\">\n\t\t\t\t\t\t\t\t\t<div class=\"elementor-button-wrapper\">\n\t\t\t\t\t<a class=\"elementor-button elementor-button-link elementor-size-xs elementor-animation-shrink\" href=\"https:\/\/banff.ee\/ee\/films\/ian\/\">\n\t\t\t\t\t\t<span class=\"elementor-button-content-wrapper\">\n\t\t\t\t\t\t\t\t\t<span class=\"elementor-button-text\">\u2190<\/span>\n\t\t\t\t\t<\/span>\n\t\t\t\t\t<\/a>\n\t\t\t\t<\/div>\n\t\t\t\t\t\t\t\t<\/div>\n\t\t\t\t<\/div>\n\t\t\t\t\t<\/div>\n\t\t<\/div>\n\t\t\t\t<div class=\"elementor-column elementor-col-50 elementor-top-column elementor-element elementor-element-766b1d88\" data-id=\"766b1d88\" data-element_type=\"column\" data-e-type=\"column\">\n\t\t\t<div class=\"elementor-widget-wrap elementor-element-populated\">\n\t\t\t\t\t\t<div class=\"elementor-element elementor-element-550e3de5 elementor-align-right elementor-widget__width-initial elementor-mobile-align-right elementor-widget elementor-widget-button\" data-id=\"550e3de5\" data-element_type=\"widget\" data-e-type=\"widget\" data-widget_type=\"button.default\">\n\t\t\t\t<div class=\"elementor-widget-container\">\n\t\t\t\t\t\t\t\t\t<div class=\"elementor-button-wrapper\">\n\t\t\t\t\t<a class=\"elementor-button elementor-button-link elementor-size-xs elementor-animation-shrink\" href=\"https:\/\/banff.ee\/ee\/films\/anytime-utah\/\">\n\t\t\t\t\t\t<span class=\"elementor-button-content-wrapper\">\n\t\t\t\t\t\t\t\t\t<span class=\"elementor-button-text\">\u2192<\/span>\n\t\t\t\t\t<\/span>\n\t\t\t\t\t<\/a>\n\t\t\t\t<\/div>\n\t\t\t\t\t\t\t\t<\/div>\n\t\t\t\t<\/div>\n\t\t\t\t\t<\/div>\n\t\t<\/div>\n\t\t\t\t\t<\/div>\n\t\t<\/section>\n\t\t\t\t<\/div>","protected":false},"excerpt":{"rendered":"<p>36 MIN | SPAIN | 2024 ICE WATERFALLS DIR: DAVID ARNAUD For years, elite kayaker Aniol Serrasolses dreamed of plunging down waterfalls carved from melting glaciers. Joined by a team of expert paddlers and Arctic guides, he ventures deep into the wilds of Svalbard to attempt the biggest ice-waterfall descent ever recorded. A breathtaking tale [&hellip;]<\/p>\n","protected":false},"author":1,"featured_media":0,"parent":16,"menu_order":0,"comment_status":"closed","ping_status":"closed","template":"","meta":{"footnotes":""},"class_list":["post-35","page","type-page","status-publish","hentry"],"yoast_head":"<!-- This site is optimized with the Yoast SEO plugin v27.4 - https:\/\/yoast.com\/product\/yoast-seo-wordpress\/ -->\n<title>Ice Waterfalls - BANFF Estonia<\/title>\n<meta name=\"description\" content=\"For years, elite kayaker Aniol Serrasolses dreamed of plunging down waterfalls carved from meltingglaciers. Joined by a team of expert paddlers and Arctic guides, he ventures deep into the wilds ofSvalbard to attempt the biggest ice-waterfall descent ever recorded. A breathtaking tale of adrenaline,resilience, and the unquenchable human drive to explore the unknown.\" \/>\n<meta name=\"robots\" content=\"index, follow, max-snippet:-1, max-image-preview:large, max-video-preview:-1\" \/>\n<link rel=\"canonical\" href=\"https:\/\/banff.ee\/ee\/films\/ice-waterfalls\/\" \/>\n<meta property=\"og:locale\" content=\"et_EE\" \/>\n<meta property=\"og:type\" content=\"article\" \/>\n<meta property=\"og:title\" content=\"Ice Waterfalls - BANFF Estonia\" \/>\n<meta property=\"og:description\" content=\"For years, elite kayaker Aniol Serrasolses dreamed of plunging down waterfalls carved from meltingglaciers. Joined by a team of expert paddlers and Arctic guides, he ventures deep into the wilds ofSvalbard to attempt the biggest ice-waterfall descent ever recorded. A breathtaking tale of adrenaline,resilience, and the unquenchable human drive to explore the unknown.\" \/>\n<meta property=\"og:url\" content=\"https:\/\/banff.ee\/ee\/films\/ice-waterfalls\/\" \/>\n<meta property=\"og:site_name\" content=\"BANFF Estonia\" \/>\n<meta property=\"article:modified_time\" content=\"2025-09-17T19:36:07+00:00\" \/>\n<meta name=\"twitter:card\" content=\"summary_large_image\" \/>\n<script type=\"application\/ld+json\" class=\"yoast-schema-graph\">{\"@context\":\"https:\\\/\\\/schema.org\",\"@graph\":[{\"@type\":\"WebPage\",\"@id\":\"https:\\\/\\\/banff.ee\\\/films\\\/ice-waterfalls\\\/\",\"url\":\"https:\\\/\\\/banff.ee\\\/films\\\/ice-waterfalls\\\/\",\"name\":\"Ice Waterfalls - BANFF Estonia\",\"isPartOf\":{\"@id\":\"https:\\\/\\\/banff.ee\\\/#website\"},\"datePublished\":\"2022-05-04T20:37:01+00:00\",\"dateModified\":\"2025-09-17T19:36:07+00:00\",\"description\":\"For years, elite kayaker Aniol Serrasolses dreamed of plunging down waterfalls carved from meltingglaciers. Joined by a team of expert paddlers and Arctic guides, he ventures deep into the wilds ofSvalbard to attempt the biggest ice-waterfall descent ever recorded. A breathtaking tale of adrenaline,resilience, and the unquenchable human drive to explore the unknown.\",\"breadcrumb\":{\"@id\":\"https:\\\/\\\/banff.ee\\\/films\\\/ice-waterfalls\\\/#breadcrumb\"},\"inLanguage\":\"et\",\"potentialAction\":[{\"@type\":\"ReadAction\",\"target\":[\"https:\\\/\\\/banff.ee\\\/films\\\/ice-waterfalls\\\/\"]}]},{\"@type\":\"BreadcrumbList\",\"@id\":\"https:\\\/\\\/banff.ee\\\/films\\\/ice-waterfalls\\\/#breadcrumb\",\"itemListElement\":[{\"@type\":\"ListItem\",\"position\":1,\"name\":\"Home\",\"item\":\"https:\\\/\\\/banff.ee\\\/\"},{\"@type\":\"ListItem\",\"position\":2,\"name\":\"Films\",\"item\":\"https:\\\/\\\/banff.ee\\\/films\\\/\"},{\"@type\":\"ListItem\",\"position\":3,\"name\":\"Ice Waterfalls\"}]},{\"@type\":\"WebSite\",\"@id\":\"https:\\\/\\\/banff.ee\\\/#website\",\"url\":\"https:\\\/\\\/banff.ee\\\/\",\"name\":\"BANFF Estonia\",\"description\":\"\",\"publisher\":{\"@id\":\"https:\\\/\\\/banff.ee\\\/#organization\"},\"potentialAction\":[{\"@type\":\"SearchAction\",\"target\":{\"@type\":\"EntryPoint\",\"urlTemplate\":\"https:\\\/\\\/banff.ee\\\/?s={search_term_string}\"},\"query-input\":{\"@type\":\"PropertyValueSpecification\",\"valueRequired\":true,\"valueName\":\"search_term_string\"}}],\"inLanguage\":\"et\"},{\"@type\":\"Organization\",\"@id\":\"https:\\\/\\\/banff.ee\\\/#organization\",\"name\":\"BANFF Estonia\",\"url\":\"https:\\\/\\\/banff.ee\\\/\",\"logo\":{\"@type\":\"ImageObject\",\"inLanguage\":\"et\",\"@id\":\"https:\\\/\\\/banff.ee\\\/#\\\/schema\\\/logo\\\/image\\\/\",\"url\":\"https:\\\/\\\/banff.ee\\\/wp-content\\\/uploads\\\/2022\\\/05\\\/banff-logo-header.png\",\"contentUrl\":\"https:\\\/\\\/banff.ee\\\/wp-content\\\/uploads\\\/2022\\\/05\\\/banff-logo-header.png\",\"width\":500,\"height\":264,\"caption\":\"BANFF Estonia\"},\"image\":{\"@id\":\"https:\\\/\\\/banff.ee\\\/#\\\/schema\\\/logo\\\/image\\\/\"}}]}<\/script>\n<!-- \/ Yoast SEO plugin. -->","yoast_head_json":{"title":"Ice Waterfalls - BANFF Estonia","description":"For years, elite kayaker Aniol Serrasolses dreamed of plunging down waterfalls carved from meltingglaciers. Joined by a team of expert paddlers and Arctic guides, he ventures deep into the wilds ofSvalbard to attempt the biggest ice-waterfall descent ever recorded. A breathtaking tale of adrenaline,resilience, and the unquenchable human drive to explore the unknown.","robots":{"index":"index","follow":"follow","max-snippet":"max-snippet:-1","max-image-preview":"max-image-preview:large","max-video-preview":"max-video-preview:-1"},"canonical":"https:\/\/banff.ee\/ee\/films\/ice-waterfalls\/","og_locale":"et_EE","og_type":"article","og_title":"Ice Waterfalls - BANFF Estonia","og_description":"For years, elite kayaker Aniol Serrasolses dreamed of plunging down waterfalls carved from meltingglaciers. Joined by a team of expert paddlers and Arctic guides, he ventures deep into the wilds ofSvalbard to attempt the biggest ice-waterfall descent ever recorded. A breathtaking tale of adrenaline,resilience, and the unquenchable human drive to explore the unknown.","og_url":"https:\/\/banff.ee\/ee\/films\/ice-waterfalls\/","og_site_name":"BANFF Estonia","article_modified_time":"2025-09-17T19:36:07+00:00","twitter_card":"summary_large_image","schema":{"@context":"https:\/\/schema.org","@graph":[{"@type":"WebPage","@id":"https:\/\/banff.ee\/films\/ice-waterfalls\/","url":"https:\/\/banff.ee\/films\/ice-waterfalls\/","name":"Ice Waterfalls - BANFF Estonia","isPartOf":{"@id":"https:\/\/banff.ee\/#website"},"datePublished":"2022-05-04T20:37:01+00:00","dateModified":"2025-09-17T19:36:07+00:00","description":"For years, elite kayaker Aniol Serrasolses dreamed of plunging down waterfalls carved from meltingglaciers. Joined by a team of expert paddlers and Arctic guides, he ventures deep into the wilds ofSvalbard to attempt the biggest ice-waterfall descent ever recorded. A breathtaking tale of adrenaline,resilience, and the unquenchable human drive to explore the unknown.","breadcrumb":{"@id":"https:\/\/banff.ee\/films\/ice-waterfalls\/#breadcrumb"},"inLanguage":"et","potentialAction":[{"@type":"ReadAction","target":["https:\/\/banff.ee\/films\/ice-waterfalls\/"]}]},{"@type":"BreadcrumbList","@id":"https:\/\/banff.ee\/films\/ice-waterfalls\/#breadcrumb","itemListElement":[{"@type":"ListItem","position":1,"name":"Home","item":"https:\/\/banff.ee\/"},{"@type":"ListItem","position":2,"name":"Films","item":"https:\/\/banff.ee\/films\/"},{"@type":"ListItem","position":3,"name":"Ice Waterfalls"}]},{"@type":"WebSite","@id":"https:\/\/banff.ee\/#website","url":"https:\/\/banff.ee\/","name":"BANFF Estonia","description":"","publisher":{"@id":"https:\/\/banff.ee\/#organization"},"potentialAction":[{"@type":"SearchAction","target":{"@type":"EntryPoint","urlTemplate":"https:\/\/banff.ee\/?s={search_term_string}"},"query-input":{"@type":"PropertyValueSpecification","valueRequired":true,"valueName":"search_term_string"}}],"inLanguage":"et"},{"@type":"Organization","@id":"https:\/\/banff.ee\/#organization","name":"BANFF Estonia","url":"https:\/\/banff.ee\/","logo":{"@type":"ImageObject","inLanguage":"et","@id":"https:\/\/banff.ee\/#\/schema\/logo\/image\/","url":"https:\/\/banff.ee\/wp-content\/uploads\/2022\/05\/banff-logo-header.png","contentUrl":"https:\/\/banff.ee\/wp-content\/uploads\/2022\/05\/banff-logo-header.png","width":500,"height":264,"caption":"BANFF Estonia"},"image":{"@id":"https:\/\/banff.ee\/#\/schema\/logo\/image\/"}}]}},"_links":{"self":[{"href":"https:\/\/banff.ee\/ee\/wp-json\/wp\/v2\/pages\/35","targetHints":{"allow":["GET"]}}],"collection":[{"href":"https:\/\/banff.ee\/ee\/wp-json\/wp\/v2\/pages"}],"about":[{"href":"https:\/\/banff.ee\/ee\/wp-json\/wp\/v2\/types\/page"}],"author":[{"embeddable":true,"href":"https:\/\/banff.ee\/ee\/wp-json\/wp\/v2\/users\/1"}],"replies":[{"embeddable":true,"href":"https:\/\/banff.ee\/ee\/wp-json\/wp\/v2\/comments?post=35"}],"version-history":[{"count":5,"href":"https:\/\/banff.ee\/ee\/wp-json\/wp\/v2\/pages\/35\/revisions"}],"predecessor-version":[{"id":6450,"href":"https:\/\/banff.ee\/ee\/wp-json\/wp\/v2\/pages\/35\/revisions\/6450"}],"up":[{"embeddable":true,"href":"https:\/\/banff.ee\/ee\/wp-json\/wp\/v2\/pages\/16"}],"wp:attachment":[{"href":"https:\/\/banff.ee\/ee\/wp-json\/wp\/v2\/media?parent=35"}],"curies":[{"name":"wp","href":"https:\/\/api.w.org\/{rel}","templated":true}]}}