{"id":37,"date":"2022-05-04T20:37:17","date_gmt":"2022-05-04T20:37:17","guid":{"rendered":"https:\/\/banff.ee\/?page_id=37"},"modified":"2024-09-17T18:22:32","modified_gmt":"2024-09-17T15:22:32","slug":"pioneers-tandem-xc-skiing","status":"publish","type":"page","link":"https:\/\/banff.ee\/ee\/films\/pioneers-tandem-xc-skiing\/","title":{"rendered":"Teerajajad: Tandemsuusatamine"},"content":{"rendered":"<div data-elementor-type=\"wp-page\" data-elementor-id=\"37\" class=\"elementor elementor-37\" data-elementor-post-type=\"page\">\n\t\t\t\t\t\t<section class=\"elementor-section elementor-top-section elementor-element elementor-element-7e66b38 elementor-section-full_width elementor-section-height-default elementor-section-height-default\" data-id=\"7e66b38\" data-element_type=\"section\" data-e-type=\"section\">\n\t\t\t\t\t\t<div class=\"elementor-container elementor-column-gap-default\">\n\t\t\t\t\t<div class=\"elementor-column elementor-col-100 elementor-top-column elementor-element elementor-element-9980295 elementor-hidden-tablet elementor-hidden-mobile\" data-id=\"9980295\" data-element_type=\"column\" data-e-type=\"column\">\n\t\t\t<div class=\"elementor-widget-wrap elementor-element-populated\">\n\t\t\t\t\t\t<div class=\"elementor-element elementor-element-4ea5d75 elementor-widget elementor-widget-prime-slider-general\" data-id=\"4ea5d75\" data-element_type=\"widget\" data-e-type=\"widget\" data-widget_type=\"prime-slider-general.crelly\">\n\t\t\t\t<div class=\"elementor-widget-container\">\n\t\t\t\t\t\t\t<div class=\"bdt-prime-slider\">\n\t\t\t<div class=\"bdt-prime-slider-skin-crelly\">\n\t\t\t\t<div class=\"bdt-position-relative bdt-visible-toggle\" bdt-slideshow=\"{&quot;animation&quot;:&quot;fade&quot;,&quot;ratio&quot;:&quot;16:9&quot;,&quot;min-height&quot;:480,&quot;autoplay&quot;:false,&quot;autoplay-interval&quot;:null,&quot;pause-on-hover&quot;:false,&quot;draggable&quot;:true,&quot;velocity&quot;:1,&quot;finite&quot;:true}\" data-settings=\"{&quot;id&quot;:&quot;#bdt-4ea5d75&quot;,&quot;animation_status&quot;:&quot;no&quot;}\" id=\"bdt-4ea5d75\">\n\t\t\t\t\t<ul class=\"bdt-slideshow-items\">\n\t\t\t\t\t\t                    \n            <li class=\"bdt-slideshow-item bdt-flex bdt-flex-middle bdt-flex-center elementor-repeater-item-40c7003\">\n                \n                                            \n\t\t<div class=\"bdt-ps-slide-img\" style=\"background-image: url('https:\/\/banff.ee\/wp-content\/uploads\/2024\/08\/Pioneers-2.jpg')\"><\/div>\n\n\t\t                    \n                \n                \n                \n        <div class=\"bdt-prime-slider-wrapper\">\n            <div class=\"bdt-prime-slider-content\">\n\n                <div class=\"bdt-prime-slider-desc\">\n\n                                            <div class=\"bdt-sub-title bdt-text-left\">\n                            <h4 data-bdt-slideshow-parallax=\"x: 300,0,-100; opacity: 1,1,0\" data-reveal=\"reveal-active\" class=\"bdt-ps-sub-title\">\n                            20 MIN | USA | 2023                            <\/h4>\n                        <\/div>\n                    \n                                            <div class=\"bdt-main-title bdt-text-left\"  data-bdt-slideshow-parallax=\"x: 500,0,-100; opacity: 1,1,0\" data-reveal=\"reveal-active\">\n                            <h1 class=\"bdt-title-tag\">\n                                                                    TEERAJAJAD:\nTANDEM-\nSUUSATAMINE                                                            <\/h1>\n                        <\/div>\n                                        \n                <\/div>\n                            \n            <\/div>\n                        <div class=\"bdt-slider-excerpt-content\" data-bdt-slideshow-parallax=\"y: 200,0,-100; opacity: 1,1,0\">\n                                <div class=\"bdt-slider-excerpt\" data-reveal=\"reveal-active\">\n                    <strong>RE\u017d: CHRIS PARR<\/strong><br><br><br><br><br><br><br><br>\n\nP\u00e4rast 2012. aasta USA Birkebeineri v\u00f5itu diskvalifitseeriti Joe Dubay vale rinnasildi kandmise t\u00f5ttu. N\u00fc\u00fcd, 11 aastat hiljem, dokumenteerivad Joe ja tema endine toakaaslane, kes laenas talle tookord rinnasildi \u2013 Chris, oma naasmist Birkebeinerile. Sel korral v\u00f5tavad nad m\u00f5\u00f5tu suusaringkondades veel suhteliselt tundmatul spordialal \u2013 tandemsuusatamises. Kas seekord kulgeb k\u00f5ik ilma viperdusteta?                <\/div>\n                <div class=\"bdt-crelly-btn\" data-bdt-slideshow-parallax=\"y: 200,0,-100; opacity: 1,1,0\">\n                    \n\t\t\n\t\t\t<a class=\"bdt-slide-btn\" data-reveal=\"reveal-active\" href=\"https:\/\/fienta.com\/et\/o\/mtukappar\" target=\"_blank\">\n\n\t\t\t\t\t\t\t\t<span class=\"bdt-prime-slider-button-wrapper\">\n\n\t\t\t\t\t<span class=\"bdt-prime-slider-button-text bdt-flex bdt-flex-middle bdt-flex-inline\">Piletid\t\t\t\t\t\t\t\t\t\t\t\t\t<span class=\"bdt-slide-btn-icon\"><svg width=\"20\" height=\"20\" viewbox=\"0 0 20 20\"\n\t\t\t\t\t\t\t\t\txmlns=\"http:\/\/www.w3.org\/2000\/svg\" data-svg=\"arrow-right\">\n\t\t\t\t\t\t\t\t\t<polyline fill=\"none\" stroke=\"#000\" points=\"10 5 15 9.5 10 14\"><\/polyline>\n\t\t\t\t\t\t\t\t\t<line fill=\"none\" stroke=\"#000\" x1=\"4\" y1=\"9.5\" x2=\"15\" y2=\"9.5\"><\/line>\n\t\t\t\t\t\t\t\t<\/svg><\/span>\n\t\t\t\t\t\t\t\t\t\t\t<\/span>\n\n\t\t\t\t<\/span>\n\n\t\t\t<\/a>\n\t\t                <\/div>\n            <\/div>\n                    <\/div>\n                    <\/li>\n\n                \n            <\/ul>\n                \n                \n            \n                        \n            \n        \n                <\/div>\n                \n                            <\/div>\n        <\/div>\n        \t\t\t\t<\/div>\n\t\t\t\t<\/div>\n\t\t\t\t\t<\/div>\n\t\t<\/div>\n\t\t\t\t\t<\/div>\n\t\t<\/section>\n\t\t\t\t<section class=\"elementor-section elementor-top-section elementor-element elementor-element-ce4bfc7 elementor-section-boxed elementor-section-height-default elementor-section-height-default\" data-id=\"ce4bfc7\" data-element_type=\"section\" data-e-type=\"section\">\n\t\t\t\t\t\t<div class=\"elementor-container elementor-column-gap-default\">\n\t\t\t\t\t<div class=\"elementor-column elementor-col-100 elementor-top-column elementor-element elementor-element-e21a70c elementor-hidden-desktop\" data-id=\"e21a70c\" data-element_type=\"column\" data-e-type=\"column\">\n\t\t\t<div class=\"elementor-widget-wrap elementor-element-populated\">\n\t\t\t\t\t\t<div class=\"elementor-element elementor-element-1971276 elementor-widget elementor-widget-prime-slider-general\" data-id=\"1971276\" data-element_type=\"widget\" data-e-type=\"widget\" data-widget_type=\"prime-slider-general.crelly\">\n\t\t\t\t<div class=\"elementor-widget-container\">\n\t\t\t\t\t\t\t<div class=\"bdt-prime-slider\">\n\t\t\t<div class=\"bdt-prime-slider-skin-crelly\">\n\t\t\t\t<div class=\"bdt-position-relative bdt-visible-toggle\" bdt-slideshow=\"{&quot;animation&quot;:&quot;fade&quot;,&quot;ratio&quot;:&quot;16:9&quot;,&quot;min-height&quot;:640,&quot;autoplay&quot;:false,&quot;autoplay-interval&quot;:null,&quot;pause-on-hover&quot;:false,&quot;draggable&quot;:true,&quot;velocity&quot;:1,&quot;finite&quot;:true}\" data-settings=\"{&quot;id&quot;:&quot;#bdt-1971276&quot;,&quot;animation_status&quot;:&quot;no&quot;}\" id=\"bdt-1971276\">\n\t\t\t\t\t<ul class=\"bdt-slideshow-items\">\n\t\t\t\t\t\t                    \n            <li class=\"bdt-slideshow-item bdt-flex bdt-flex-middle bdt-flex-center elementor-repeater-item-40c7003\">\n                \n                                            \n\t\t<div class=\"bdt-ps-slide-img\" style=\"background-image: url('https:\/\/banff.ee\/wp-content\/uploads\/2024\/08\/Pioneers-2.jpg')\"><\/div>\n\n\t\t                    \n                \n                \n                \n        <div class=\"bdt-prime-slider-wrapper\">\n            <div class=\"bdt-prime-slider-content\">\n\n                <div class=\"bdt-prime-slider-desc\">\n\n                                            <div class=\"bdt-sub-title bdt-text-left\">\n                            <h4 data-bdt-slideshow-parallax=\"x: 300,0,-100; opacity: 1,1,0\" data-reveal=\"reveal-active\" class=\"bdt-ps-sub-title\">\n                            20 MIN | USA | 2023                            <\/h4>\n                        <\/div>\n                    \n                                            <div class=\"bdt-main-title bdt-text-left\"  data-bdt-slideshow-parallax=\"x: 500,0,-100; opacity: 1,1,0\" data-reveal=\"reveal-active\">\n                            <h1 class=\"bdt-title-tag\">\n                                                                    TEERAJAJAD:\nTANDEM-\nSUUSATAMINE<br><br>                                                            <\/h1>\n                        <\/div>\n                                        \n                <\/div>\n                            \n            <\/div>\n                        <div class=\"bdt-slider-excerpt-content\" data-bdt-slideshow-parallax=\"y: 200,0,-100; opacity: 1,1,0\">\n                                <div class=\"bdt-slider-excerpt\" data-reveal=\"reveal-active\">\n                    <strong>RE\u017d: CHRIS PARR<\/strong><br><br>\n\nP\u00e4rast 2012. aasta USA Birkebeineri v\u00f5itu diskvalifitseeriti Joe Dubay vale rinnasildi kandmise t\u00f5ttu. N\u00fc\u00fcd, 11 aastat hiljem, dokumenteerivad Joe ja tema endine toakaaslane, kes laenas talle tookord rinnasildi \u2013 Chris, oma naasmist Birkebeinerile. Sel korral v\u00f5tavad nad m\u00f5\u00f5tu suusaringkondades veel suhteliselt tundmatul spordialal \u2013 tandemsuusatamises. Kas seekord kulgeb k\u00f5ik ilma viperdusteta?<br>                <\/div>\n                <div class=\"bdt-crelly-btn\" data-bdt-slideshow-parallax=\"y: 200,0,-100; opacity: 1,1,0\">\n                    \n\t\t\n\t\t\t<a class=\"bdt-slide-btn\" data-reveal=\"reveal-active\" href=\"https:\/\/fienta.com\/et\/o\/mtukappar\" target=\"_blank\">\n\n\t\t\t\t\t\t\t\t<span class=\"bdt-prime-slider-button-wrapper\">\n\n\t\t\t\t\t<span class=\"bdt-prime-slider-button-text bdt-flex bdt-flex-middle bdt-flex-inline\">Piletid\t\t\t\t\t\t\t\t\t\t\t\t\t<span class=\"bdt-slide-btn-icon\"><svg width=\"20\" height=\"20\" viewbox=\"0 0 20 20\"\n\t\t\t\t\t\t\t\t\txmlns=\"http:\/\/www.w3.org\/2000\/svg\" data-svg=\"arrow-right\">\n\t\t\t\t\t\t\t\t\t<polyline fill=\"none\" stroke=\"#000\" points=\"10 5 15 9.5 10 14\"><\/polyline>\n\t\t\t\t\t\t\t\t\t<line fill=\"none\" stroke=\"#000\" x1=\"4\" y1=\"9.5\" x2=\"15\" y2=\"9.5\"><\/line>\n\t\t\t\t\t\t\t\t<\/svg><\/span>\n\t\t\t\t\t\t\t\t\t\t\t<\/span>\n\n\t\t\t\t<\/span>\n\n\t\t\t<\/a>\n\t\t                <\/div>\n            <\/div>\n                    <\/div>\n                    <\/li>\n\n                \n            <\/ul>\n                \n                \n            \n                        \n            \n        \n                <\/div>\n                \n                            <\/div>\n        <\/div>\n        \t\t\t\t<\/div>\n\t\t\t\t<\/div>\n\t\t\t\t\t<\/div>\n\t\t<\/div>\n\t\t\t\t\t<\/div>\n\t\t<\/section>\n\t\t\t\t<section class=\"elementor-section elementor-top-section elementor-element elementor-element-b38b5d9 elementor-section-full_width elementor-hidden-tablet elementor-hidden-mobile elementor-section-height-default elementor-section-height-default\" data-id=\"b38b5d9\" data-element_type=\"section\" data-e-type=\"section\">\n\t\t\t\t\t\t<div class=\"elementor-container elementor-column-gap-default\">\n\t\t\t\t\t<div class=\"elementor-column elementor-col-50 elementor-top-column elementor-element elementor-element-4ee890f\" data-id=\"4ee890f\" data-element_type=\"column\" data-e-type=\"column\">\n\t\t\t<div class=\"elementor-widget-wrap elementor-element-populated\">\n\t\t\t\t\t\t<div class=\"elementor-element elementor-element-3ab36f8 elementor-align-left elementor-widget__width-initial elementor-absolute elementor-hidden-tablet elementor-hidden-mobile elementor-widget elementor-widget-button\" data-id=\"3ab36f8\" data-element_type=\"widget\" data-e-type=\"widget\" data-settings=\"{&quot;_position&quot;:&quot;absolute&quot;}\" data-widget_type=\"button.default\">\n\t\t\t\t<div class=\"elementor-widget-container\">\n\t\t\t\t\t\t\t\t\t<div class=\"elementor-button-wrapper\">\n\t\t\t\t\t<a class=\"elementor-button elementor-button-link elementor-size-xs elementor-animation-shrink\" href=\"https:\/\/banff.ee\/ee\/films\/soundscape\/\">\n\t\t\t\t\t\t<span class=\"elementor-button-content-wrapper\">\n\t\t\t\t\t\t\t\t\t<span class=\"elementor-button-text\">\u2190 HELIMAASTIK<\/span>\n\t\t\t\t\t<\/span>\n\t\t\t\t\t<\/a>\n\t\t\t\t<\/div>\n\t\t\t\t\t\t\t\t<\/div>\n\t\t\t\t<\/div>\n\t\t\t\t\t<\/div>\n\t\t<\/div>\n\t\t\t\t<div class=\"elementor-column elementor-col-50 elementor-top-column elementor-element elementor-element-92932bc\" data-id=\"92932bc\" data-element_type=\"column\" data-e-type=\"column\">\n\t\t\t<div class=\"elementor-widget-wrap elementor-element-populated\">\n\t\t\t\t\t\t<div class=\"elementor-element elementor-element-92dd9a7 elementor-align-right elementor-widget__width-initial elementor-absolute elementor-hidden-tablet elementor-hidden-mobile elementor-widget elementor-widget-button\" data-id=\"92dd9a7\" data-element_type=\"widget\" data-e-type=\"widget\" data-settings=\"{&quot;_position&quot;:&quot;absolute&quot;}\" data-widget_type=\"button.default\">\n\t\t\t\t<div class=\"elementor-widget-container\">\n\t\t\t\t\t\t\t\t\t<div class=\"elementor-button-wrapper\">\n\t\t\t\t\t<a class=\"elementor-button elementor-button-link elementor-size-xs elementor-animation-shrink\" href=\"https:\/\/banff.ee\/ee\/films\/no-way\/\">\n\t\t\t\t\t\t<span class=\"elementor-button-content-wrapper\">\n\t\t\t\t\t\t\t\t\t<span class=\"elementor-button-text\">POLE V\u00d5IMALIK! \u2192<\/span>\n\t\t\t\t\t<\/span>\n\t\t\t\t\t<\/a>\n\t\t\t\t<\/div>\n\t\t\t\t\t\t\t\t<\/div>\n\t\t\t\t<\/div>\n\t\t\t\t\t<\/div>\n\t\t<\/div>\n\t\t\t\t\t<\/div>\n\t\t<\/section>\n\t\t\t\t<section class=\"elementor-section elementor-top-section elementor-element elementor-element-7bfab2f elementor-hidden-tablet elementor-hidden-mobile elementor-section-boxed elementor-section-height-default elementor-section-height-default\" data-id=\"7bfab2f\" data-element_type=\"section\" data-e-type=\"section\">\n\t\t\t\t\t\t<div class=\"elementor-container elementor-column-gap-default\">\n\t\t\t\t\t<div class=\"elementor-column elementor-col-100 elementor-top-column elementor-element elementor-element-a8b8c29\" data-id=\"a8b8c29\" data-element_type=\"column\" data-e-type=\"column\">\n\t\t\t<div class=\"elementor-widget-wrap elementor-element-populated\">\n\t\t\t\t\t\t<div class=\"elementor-element elementor-element-8fe398b elementor-widget elementor-widget-spacer\" data-id=\"8fe398b\" data-element_type=\"widget\" data-e-type=\"widget\" data-widget_type=\"spacer.default\">\n\t\t\t\t<div class=\"elementor-widget-container\">\n\t\t\t\t\t\t\t<div class=\"elementor-spacer\">\n\t\t\t<div class=\"elementor-spacer-inner\"><\/div>\n\t\t<\/div>\n\t\t\t\t\t\t<\/div>\n\t\t\t\t<\/div>\n\t\t\t\t\t<\/div>\n\t\t<\/div>\n\t\t\t\t\t<\/div>\n\t\t<\/section>\n\t\t\t\t<section class=\"elementor-section elementor-top-section elementor-element elementor-element-0423d06 elementor-hidden-tablet elementor-hidden-mobile elementor-section-boxed elementor-section-height-default elementor-section-height-default\" data-id=\"0423d06\" data-element_type=\"section\" data-e-type=\"section\">\n\t\t\t\t\t\t<div class=\"elementor-container elementor-column-gap-default\">\n\t\t\t\t\t<div class=\"elementor-column elementor-col-100 elementor-top-column elementor-element elementor-element-b299db5\" data-id=\"b299db5\" data-element_type=\"column\" data-e-type=\"column\">\n\t\t\t<div class=\"elementor-widget-wrap elementor-element-populated\">\n\t\t\t\t\t\t\t<\/div>\n\t\t<\/div>\n\t\t\t\t\t<\/div>\n\t\t<\/section>\n\t\t\t\t<section class=\"elementor-section elementor-top-section elementor-element elementor-element-756b30b elementor-hidden-desktop elementor-section-boxed elementor-section-height-default elementor-section-height-default\" data-id=\"756b30b\" data-element_type=\"section\" data-e-type=\"section\">\n\t\t\t\t\t\t<div class=\"elementor-container elementor-column-gap-default\">\n\t\t\t\t\t<div class=\"elementor-column elementor-col-50 elementor-top-column elementor-element elementor-element-603e5c5\" data-id=\"603e5c5\" data-element_type=\"column\" data-e-type=\"column\">\n\t\t\t<div class=\"elementor-widget-wrap elementor-element-populated\">\n\t\t\t\t\t\t<div class=\"elementor-element elementor-element-43dd0aa elementor-align-right elementor-widget__width-initial elementor-mobile-align-left elementor-widget elementor-widget-button\" data-id=\"43dd0aa\" data-element_type=\"widget\" data-e-type=\"widget\" data-widget_type=\"button.default\">\n\t\t\t\t<div class=\"elementor-widget-container\">\n\t\t\t\t\t\t\t\t\t<div class=\"elementor-button-wrapper\">\n\t\t\t\t\t<a class=\"elementor-button elementor-button-link elementor-size-xs elementor-animation-shrink\" href=\"https:\/\/banff.ee\/ee\/films\/soundscape\/\">\n\t\t\t\t\t\t<span class=\"elementor-button-content-wrapper\">\n\t\t\t\t\t\t\t\t\t<span class=\"elementor-button-text\">\u2190<\/span>\n\t\t\t\t\t<\/span>\n\t\t\t\t\t<\/a>\n\t\t\t\t<\/div>\n\t\t\t\t\t\t\t\t<\/div>\n\t\t\t\t<\/div>\n\t\t\t\t\t<\/div>\n\t\t<\/div>\n\t\t\t\t<div class=\"elementor-column elementor-col-50 elementor-top-column elementor-element elementor-element-8d03d95\" data-id=\"8d03d95\" data-element_type=\"column\" data-e-type=\"column\">\n\t\t\t<div class=\"elementor-widget-wrap elementor-element-populated\">\n\t\t\t\t\t\t<div class=\"elementor-element elementor-element-c6cbd21 elementor-align-right elementor-widget__width-initial elementor-mobile-align-right elementor-widget elementor-widget-button\" data-id=\"c6cbd21\" data-element_type=\"widget\" data-e-type=\"widget\" data-widget_type=\"button.default\">\n\t\t\t\t<div class=\"elementor-widget-container\">\n\t\t\t\t\t\t\t\t\t<div class=\"elementor-button-wrapper\">\n\t\t\t\t\t<a class=\"elementor-button elementor-button-link elementor-size-xs elementor-animation-shrink\" href=\"https:\/\/banff.ee\/ee\/films\/no-way\/\">\n\t\t\t\t\t\t<span class=\"elementor-button-content-wrapper\">\n\t\t\t\t\t\t\t\t\t<span class=\"elementor-button-text\">\u2192<\/span>\n\t\t\t\t\t<\/span>\n\t\t\t\t\t<\/a>\n\t\t\t\t<\/div>\n\t\t\t\t\t\t\t\t<\/div>\n\t\t\t\t<\/div>\n\t\t\t\t\t<\/div>\n\t\t<\/div>\n\t\t\t\t\t<\/div>\n\t\t<\/section>\n\t\t\t\t<\/div>","protected":false},"excerpt":{"rendered":"<p>20 MIN | USA | 2023 PIONEERS: TANDEM XC SKIING DIR: CHRIS PARR After winning the Birkebeiner \u2013 the largest cross country ski race in North America \u2013 Joe Dubay was disqualified for wearing the wrong bib. Now, 11 years later, Joe and his former roommate Chris (who lent him the bib) return to the [&hellip;]<\/p>\n","protected":false},"author":1,"featured_media":0,"parent":16,"menu_order":0,"comment_status":"closed","ping_status":"closed","template":"","meta":{"footnotes":""},"class_list":["post-37","page","type-page","status-publish","hentry"],"yoast_head":"<!-- This site is optimized with the Yoast SEO plugin v27.4 - https:\/\/yoast.com\/product\/yoast-seo-wordpress\/ -->\n<title>Pioneers: Tandem XC Skiing - BANFF Estonia<\/title>\n<meta name=\"robots\" content=\"index, follow, max-snippet:-1, max-image-preview:large, max-video-preview:-1\" \/>\n<link rel=\"canonical\" href=\"https:\/\/banff.ee\/ee\/films\/pioneers-tandem-xc-skiing\/\" \/>\n<meta property=\"og:locale\" content=\"et_EE\" \/>\n<meta property=\"og:type\" content=\"article\" \/>\n<meta property=\"og:title\" content=\"Pioneers: Tandem XC Skiing - BANFF Estonia\" \/>\n<meta property=\"og:description\" content=\"20 MIN | USA | 2023 PIONEERS: TANDEM XC SKIING DIR: CHRIS PARR After winning the Birkebeiner \u2013 the largest cross country ski race in North America \u2013 Joe Dubay was disqualified for wearing the wrong bib. Now, 11 years later, Joe and his former roommate Chris (who lent him the bib) return to the [&hellip;]\" \/>\n<meta property=\"og:url\" content=\"https:\/\/banff.ee\/ee\/films\/pioneers-tandem-xc-skiing\/\" \/>\n<meta property=\"og:site_name\" content=\"BANFF Estonia\" \/>\n<meta property=\"article:modified_time\" content=\"2024-09-17T15:22:32+00:00\" \/>\n<meta name=\"twitter:card\" content=\"summary_large_image\" \/>\n<meta name=\"twitter:label1\" content=\"Est. reading time\" \/>\n\t<meta name=\"twitter:data1\" content=\"1 minut\" \/>\n<script type=\"application\/ld+json\" class=\"yoast-schema-graph\">{\"@context\":\"https:\\\/\\\/schema.org\",\"@graph\":[{\"@type\":\"WebPage\",\"@id\":\"https:\\\/\\\/banff.ee\\\/films\\\/pioneers-tandem-xc-skiing\\\/\",\"url\":\"https:\\\/\\\/banff.ee\\\/films\\\/pioneers-tandem-xc-skiing\\\/\",\"name\":\"Pioneers: Tandem XC Skiing - BANFF Estonia\",\"isPartOf\":{\"@id\":\"https:\\\/\\\/banff.ee\\\/#website\"},\"datePublished\":\"2022-05-04T20:37:17+00:00\",\"dateModified\":\"2024-09-17T15:22:32+00:00\",\"breadcrumb\":{\"@id\":\"https:\\\/\\\/banff.ee\\\/films\\\/pioneers-tandem-xc-skiing\\\/#breadcrumb\"},\"inLanguage\":\"et\",\"potentialAction\":[{\"@type\":\"ReadAction\",\"target\":[\"https:\\\/\\\/banff.ee\\\/films\\\/pioneers-tandem-xc-skiing\\\/\"]}]},{\"@type\":\"BreadcrumbList\",\"@id\":\"https:\\\/\\\/banff.ee\\\/films\\\/pioneers-tandem-xc-skiing\\\/#breadcrumb\",\"itemListElement\":[{\"@type\":\"ListItem\",\"position\":1,\"name\":\"Home\",\"item\":\"https:\\\/\\\/banff.ee\\\/\"},{\"@type\":\"ListItem\",\"position\":2,\"name\":\"Films\",\"item\":\"https:\\\/\\\/banff.ee\\\/films\\\/\"},{\"@type\":\"ListItem\",\"position\":3,\"name\":\"Pioneers: Tandem XC Skiing\"}]},{\"@type\":\"WebSite\",\"@id\":\"https:\\\/\\\/banff.ee\\\/#website\",\"url\":\"https:\\\/\\\/banff.ee\\\/\",\"name\":\"BANFF Estonia\",\"description\":\"\",\"publisher\":{\"@id\":\"https:\\\/\\\/banff.ee\\\/#organization\"},\"potentialAction\":[{\"@type\":\"SearchAction\",\"target\":{\"@type\":\"EntryPoint\",\"urlTemplate\":\"https:\\\/\\\/banff.ee\\\/?s={search_term_string}\"},\"query-input\":{\"@type\":\"PropertyValueSpecification\",\"valueRequired\":true,\"valueName\":\"search_term_string\"}}],\"inLanguage\":\"et\"},{\"@type\":\"Organization\",\"@id\":\"https:\\\/\\\/banff.ee\\\/#organization\",\"name\":\"BANFF Estonia\",\"url\":\"https:\\\/\\\/banff.ee\\\/\",\"logo\":{\"@type\":\"ImageObject\",\"inLanguage\":\"et\",\"@id\":\"https:\\\/\\\/banff.ee\\\/#\\\/schema\\\/logo\\\/image\\\/\",\"url\":\"https:\\\/\\\/banff.ee\\\/wp-content\\\/uploads\\\/2022\\\/05\\\/banff-logo-header.png\",\"contentUrl\":\"https:\\\/\\\/banff.ee\\\/wp-content\\\/uploads\\\/2022\\\/05\\\/banff-logo-header.png\",\"width\":500,\"height\":264,\"caption\":\"BANFF Estonia\"},\"image\":{\"@id\":\"https:\\\/\\\/banff.ee\\\/#\\\/schema\\\/logo\\\/image\\\/\"}}]}<\/script>\n<!-- \/ Yoast SEO plugin. -->","yoast_head_json":{"title":"Pioneers: Tandem XC Skiing - BANFF Estonia","robots":{"index":"index","follow":"follow","max-snippet":"max-snippet:-1","max-image-preview":"max-image-preview:large","max-video-preview":"max-video-preview:-1"},"canonical":"https:\/\/banff.ee\/ee\/films\/pioneers-tandem-xc-skiing\/","og_locale":"et_EE","og_type":"article","og_title":"Pioneers: Tandem XC Skiing - BANFF Estonia","og_description":"20 MIN | USA | 2023 PIONEERS: TANDEM XC SKIING DIR: CHRIS PARR After winning the Birkebeiner \u2013 the largest cross country ski race in North America \u2013 Joe Dubay was disqualified for wearing the wrong bib. Now, 11 years later, Joe and his former roommate Chris (who lent him the bib) return to the [&hellip;]","og_url":"https:\/\/banff.ee\/ee\/films\/pioneers-tandem-xc-skiing\/","og_site_name":"BANFF Estonia","article_modified_time":"2024-09-17T15:22:32+00:00","twitter_card":"summary_large_image","twitter_misc":{"Est. reading time":"1 minut"},"schema":{"@context":"https:\/\/schema.org","@graph":[{"@type":"WebPage","@id":"https:\/\/banff.ee\/films\/pioneers-tandem-xc-skiing\/","url":"https:\/\/banff.ee\/films\/pioneers-tandem-xc-skiing\/","name":"Pioneers: Tandem XC Skiing - BANFF Estonia","isPartOf":{"@id":"https:\/\/banff.ee\/#website"},"datePublished":"2022-05-04T20:37:17+00:00","dateModified":"2024-09-17T15:22:32+00:00","breadcrumb":{"@id":"https:\/\/banff.ee\/films\/pioneers-tandem-xc-skiing\/#breadcrumb"},"inLanguage":"et","potentialAction":[{"@type":"ReadAction","target":["https:\/\/banff.ee\/films\/pioneers-tandem-xc-skiing\/"]}]},{"@type":"BreadcrumbList","@id":"https:\/\/banff.ee\/films\/pioneers-tandem-xc-skiing\/#breadcrumb","itemListElement":[{"@type":"ListItem","position":1,"name":"Home","item":"https:\/\/banff.ee\/"},{"@type":"ListItem","position":2,"name":"Films","item":"https:\/\/banff.ee\/films\/"},{"@type":"ListItem","position":3,"name":"Pioneers: Tandem XC Skiing"}]},{"@type":"WebSite","@id":"https:\/\/banff.ee\/#website","url":"https:\/\/banff.ee\/","name":"BANFF Estonia","description":"","publisher":{"@id":"https:\/\/banff.ee\/#organization"},"potentialAction":[{"@type":"SearchAction","target":{"@type":"EntryPoint","urlTemplate":"https:\/\/banff.ee\/?s={search_term_string}"},"query-input":{"@type":"PropertyValueSpecification","valueRequired":true,"valueName":"search_term_string"}}],"inLanguage":"et"},{"@type":"Organization","@id":"https:\/\/banff.ee\/#organization","name":"BANFF Estonia","url":"https:\/\/banff.ee\/","logo":{"@type":"ImageObject","inLanguage":"et","@id":"https:\/\/banff.ee\/#\/schema\/logo\/image\/","url":"https:\/\/banff.ee\/wp-content\/uploads\/2022\/05\/banff-logo-header.png","contentUrl":"https:\/\/banff.ee\/wp-content\/uploads\/2022\/05\/banff-logo-header.png","width":500,"height":264,"caption":"BANFF Estonia"},"image":{"@id":"https:\/\/banff.ee\/#\/schema\/logo\/image\/"}}]}},"_links":{"self":[{"href":"https:\/\/banff.ee\/ee\/wp-json\/wp\/v2\/pages\/37","targetHints":{"allow":["GET"]}}],"collection":[{"href":"https:\/\/banff.ee\/ee\/wp-json\/wp\/v2\/pages"}],"about":[{"href":"https:\/\/banff.ee\/ee\/wp-json\/wp\/v2\/types\/page"}],"author":[{"embeddable":true,"href":"https:\/\/banff.ee\/ee\/wp-json\/wp\/v2\/users\/1"}],"replies":[{"embeddable":true,"href":"https:\/\/banff.ee\/ee\/wp-json\/wp\/v2\/comments?post=37"}],"version-history":[{"count":5,"href":"https:\/\/banff.ee\/ee\/wp-json\/wp\/v2\/pages\/37\/revisions"}],"predecessor-version":[{"id":5658,"href":"https:\/\/banff.ee\/ee\/wp-json\/wp\/v2\/pages\/37\/revisions\/5658"}],"up":[{"embeddable":true,"href":"https:\/\/banff.ee\/ee\/wp-json\/wp\/v2\/pages\/16"}],"wp:attachment":[{"href":"https:\/\/banff.ee\/ee\/wp-json\/wp\/v2\/media?parent=37"}],"curies":[{"name":"wp","href":"https:\/\/api.w.org\/{rel}","templated":true}]}}